{"id":120,"date":"2021-06-14T12:27:02","date_gmt":"2021-06-14T10:27:02","guid":{"rendered":"http:\/\/ntsafack.com\/?page_id=120"},"modified":"2021-06-14T12:27:03","modified_gmt":"2021-06-14T10:27:03","slug":"fallopia-sp","status":"publish","type":"page","link":"https:\/\/ntsafack.com\/index.php\/fallopia-sp\/","title":{"rendered":"Fallopia sp."},"content":{"rendered":"\n<p>Mon travail de recherche en master concernait l\u2019\u00e9tude des interactions entre un complexe d\u2019esp\u00e8ces invasives (la renou\u00e9e asiatique, Fallopia sp) et les bact\u00e9ries d\u00e9nitrifiantes du sol. J\u2019ai exp\u00e9riment\u00e9 en laboratoire les effets des extraits de rhizomes de Fallopia sp sur l\u2019activit\u00e9 biologique des bact\u00e9ries. Les premiers r\u00e9sultats ont montr\u00e9 que Fallopia sp pouvait modifier gr\u00e2ce \u00e0 des m\u00e9tabolites secondaires l\u2019activit\u00e9 des bact\u00e9ries d\u00e9nitrifiantes, ceci expliquerait en partie leur succ\u00e8s invasif au sein de leur communaut\u00e9 v\u00e9g\u00e9tale. Les r\u00e9sultats ont depuis \u00e9t\u00e9 publi\u00e9s dans Bardon et al., 2014.<\/p>\n\n\n\n<h3>&nbsp;<\/h3>\n\n\n\n<h3>R\u00e9f\u00e9rences<\/h3>\n\n\n\n<p>Bardon, C., Piola, F., Bellvert, F., Haichar, F. el Z., Comte, G., Meiffren, G., Pommier, T., Puijalon, S., Tsafack, N., Poly, F., 2014. Evidence for biological denitrification inhibition (BDI) by plant secondary metabolites. New Phytol. 204, 620\u2013630. https:\/\/doi.org\/10.1111\/nph.12944<\/p>\n","protected":false},"excerpt":{"rendered":"<p>Mon travail de recherche en master concernait l\u2019\u00e9tude des interactions entre un complexe d\u2019esp\u00e8ces invasives (la renou\u00e9e asiatique, Fallopia sp) et les bact\u00e9ries d\u00e9nitrifiantes du &hellip;<\/p>\n","protected":false},"author":1,"featured_media":0,"parent":0,"menu_order":0,"comment_status":"closed","ping_status":"closed","template":"","meta":[],"_links":{"self":[{"href":"https:\/\/ntsafack.com\/index.php\/wp-json\/wp\/v2\/pages\/120"}],"collection":[{"href":"https:\/\/ntsafack.com\/index.php\/wp-json\/wp\/v2\/pages"}],"about":[{"href":"https:\/\/ntsafack.com\/index.php\/wp-json\/wp\/v2\/types\/page"}],"author":[{"embeddable":true,"href":"https:\/\/ntsafack.com\/index.php\/wp-json\/wp\/v2\/users\/1"}],"replies":[{"embeddable":true,"href":"https:\/\/ntsafack.com\/index.php\/wp-json\/wp\/v2\/comments?post=120"}],"version-history":[{"count":1,"href":"https:\/\/ntsafack.com\/index.php\/wp-json\/wp\/v2\/pages\/120\/revisions"}],"predecessor-version":[{"id":121,"href":"https:\/\/ntsafack.com\/index.php\/wp-json\/wp\/v2\/pages\/120\/revisions\/121"}],"wp:attachment":[{"href":"https:\/\/ntsafack.com\/index.php\/wp-json\/wp\/v2\/media?parent=120"}],"curies":[{"name":"wp","href":"https:\/\/api.w.org\/{rel}","templated":true}]}}