{"id":127,"date":"2021-06-14T12:34:08","date_gmt":"2021-06-14T10:34:08","guid":{"rendered":"http:\/\/ntsafack.com\/?page_id=127"},"modified":"2021-06-14T12:34:09","modified_gmt":"2021-06-14T10:34:09","slug":"le-role-des-haies-pour-les-carabes","status":"publish","type":"page","link":"https:\/\/ntsafack.com\/index.php\/le-role-des-haies-pour-les-carabes\/","title":{"rendered":"Le r\u00f4le des haies pour les carabes"},"content":{"rendered":"\n<h2>Importance des haies dans la structure de communaut\u00e9s de carabid\u00e9s dans les paysages agricoles du nord de la France<\/h2>\n\n\n\n<p><em>Mots cl\u00e9s : Haies &#8211; Carabes &#8211; Activit\u00e9-densit\u00e9 &#8211; Richesse rar\u00e9fi\u00e9e\u00a0 &#8211;\u00a0 Bocage\u00a0 &#8211;\u00a0 Openfield\u00a0 &#8211; Nord de la France<\/em><\/p>\n\n\n\n<p><br>Les activit\u00e9s humaines aussi bien que le changement climatique mod\u00e8lent les \u00e9cosyst\u00e8mes. Il en r\u00e9sulte g\u00e9n\u00e9ralement un \u00e9cosyst\u00e8me d\u00e9grad\u00e9 o\u00f9 les processus \u00e9cologiques sont entrav\u00e9s.Plusieurs \u00e9tudes ont montr\u00e9 l\u2019importance des \u00e9l\u00e9ments naturels dans les agrosyst\u00e8mes intensifs. Le r\u00e9seau de haies dans l\u2019agrosyst\u00e8me constitue un habitat propice pour plusieurs esp\u00e8ces dont les arthropodes pr\u00e9dateurs comme les carabes. Les haies peuvent servir aussi de corridor pour les esp\u00e8ces de carabes de for\u00eat pendant les d\u00e9placements de la for\u00eat vers les parcelles cultiv\u00e9es (Burel, 1989).L\u2019objet de cette \u00e9tude \u00e9tait de d\u00e9terminer le r\u00f4le des haies pour les esp\u00e8ces de carabes en fonction de leur groupe \u00e9cologique\u00a0: esp\u00e8ces de milieu ouvert, ubiquistes ou foresti\u00e8res dans deux paysages agricoles contrast\u00e9s du nord de la France &#8211; le bocage et le milieu ouvert.<\/p>\n\n\n\n<p>Cette recherche est men\u00e9e au laboratoire EDYSAN. Mon r\u00f4le dans cette \u00e9tude \u00e9tait d\u2019analyser les donn\u00e9es et interpr\u00e9ter les r\u00e9sultats. L\u2019\u00e9chantillonnage avait \u00e9t\u00e9 r\u00e9alis\u00e9 en 2013 d\u2019une part dans une zone de bocage et d\u2019autre part dans un paysage de milieu ouvert. Le bocage est caract\u00e9ris\u00e9 par de petites parcelles, un r\u00e9seau dense de haies et plusieurs fragments forestiers. Contrairement, le milieu ouvert est caract\u00e9ris\u00e9 par de grandes parcelles et de rares fragments forestiers. Des carabes ont \u00e9t\u00e9 pi\u00e9g\u00e9s dans les haies de ces deux milieux.Deux questions principales ont guid\u00e9 cette \u00e9tude\u00a0:<\/p>\n\n\n\n<ol><li>A l\u2019\u00e9chelle locale&nbsp;: les caract\u00e9ristiques de la haie affectent \u2013 elles la structure des communaut\u00e9s de carabes&nbsp;?<\/li><li>A l\u2019\u00e9chelle du paysage&nbsp;: les \u00e9l\u00e9ments bois\u00e9s (bois et r\u00e9seau de haie) affectent \u2013 ils la structure des communaut\u00e9s de carabes&nbsp;?<\/li><\/ol>\n\n\n\n<p>Les r\u00e9sultats ont mis en \u00e9vidence les diff\u00e9rences entre les communaut\u00e9s de carabes des deux paysages. La communaut\u00e9 du bocage \u00e9tait plus riche en esp\u00e8ces compar\u00e9e \u00e0 celle du milieu ouvert. Par ailleurs, la communaut\u00e9 de carabes du milieu ouvert \u00e9tait plus riche en individus compar\u00e9e \u00e0 celle du bocage.<\/p>\n\n\n\n<figure class=\"wp-block-image\"><a href=\"https:\/\/3.bp.blogspot.com\/-NyGg9lU5XBM\/WqowhW1wAlI\/AAAAAAAAAj4\/tqWixEjwBp0-RvBVKLq2Su1N7I9c0mbkQCLcBGAs\/s1600\/abundance%2Bground-beetles.png\"><img src=\"https:\/\/3.bp.blogspot.com\/-NyGg9lU5XBM\/WqowhW1wAlI\/AAAAAAAAAj4\/tqWixEjwBp0-RvBVKLq2Su1N7I9c0mbkQCLcBGAs\/s640\/abundance%2Bground-beetles.png\" alt=\"\"\/><\/a><\/figure>\n\n\n\n<p><em>Activit\u00e9-densit\u00e9 en fonction des groupes \u00e9cologiques dans le bocage et le milieu ouvert<\/em><\/p>\n\n\n\n<figure class=\"wp-block-image\"><a href=\"https:\/\/1.bp.blogspot.com\/-Lpq8Dm_kEas\/WqowxEDzTCI\/AAAAAAAAAj8\/BNmO5C5Pci4KqpCECIhIwMZQesUctLPRACLcBGAs\/s1600\/sp%2Brichness%2Bground-beetles.png\"><img src=\"https:\/\/1.bp.blogspot.com\/-Lpq8Dm_kEas\/WqowxEDzTCI\/AAAAAAAAAj8\/BNmO5C5Pci4KqpCECIhIwMZQesUctLPRACLcBGAs\/s640\/sp%2Brichness%2Bground-beetles.png\" alt=\"\"\/><\/a><\/figure>\n\n\n\n<p><em>Richesse sp\u00e9cifique en fonction des groupes \u00e9cologiques dans le bocage et le milieu ouvert<\/em><\/p>\n\n\n\n<p><br>Nous avons montr\u00e9 que les r\u00e9ponses des carabes d\u00e9pendaient de leur groupe \u00e9cologique (esp\u00e8ces foresti\u00e8res, de milieu ouvert et esp\u00e8ces ubiquistes). Nous avons observ\u00e9 que les effets locaux \u00e9taient plus importants que les effets \u00e0 l\u2019\u00e9chelle du paysage. La connexion des haies \u00e0 un fragment forestier favorisait particuli\u00e8rement les esp\u00e8ces foresti\u00e8res.Cette \u00e9tude montre que l\u2019importance des haies d\u00e9pend de la pr\u00e9f\u00e9rence d\u2019habitat des esp\u00e8ces. Pour les esp\u00e8ces foresti\u00e8res par exemple, il est important de conserver la continuit\u00e9 entre la haie et la for\u00eat pour continuer de b\u00e9n\u00e9ficier du service de r\u00e9gulation des ravageurs dans les parcelles que peut offrir les carabes de for\u00eat. Ainsi la gestion des haies devrait \u00eatre pr\u00e9c\u00e9d\u00e9e d\u2019une \u00e9valuation des esp\u00e8ces qui y sont pr\u00e9sentes afin d\u2019adapter les mesures de gestion.J\u2019ai pr\u00e9sent\u00e9 les r\u00e9sultats de ce travail dans une communication orale dans le colloque fran\u00e7ais Petits Pois D\u00e9rid\u00e9s \u00e0 Paris, Juin 2017.<\/p>\n\n\n\n<h4>R\u00e9f\u00e9rences bibliographiques<\/h4>\n\n\n\n<p>Burel, F., 1989. Landscape structure effects on carabid beetles spatial patterns in western France. Landscape Ecology 2, 215-226. https:\/\/doi.org\/10.1007\/BF00125092<\/p>\n","protected":false},"excerpt":{"rendered":"<p>Importance des haies dans la structure de communaut\u00e9s de carabid\u00e9s dans les paysages agricoles du nord de la France Mots cl\u00e9s : Haies &#8211; Carabes &hellip;<\/p>\n","protected":false},"author":1,"featured_media":0,"parent":0,"menu_order":0,"comment_status":"closed","ping_status":"closed","template":"","meta":[],"_links":{"self":[{"href":"https:\/\/ntsafack.com\/index.php\/wp-json\/wp\/v2\/pages\/127"}],"collection":[{"href":"https:\/\/ntsafack.com\/index.php\/wp-json\/wp\/v2\/pages"}],"about":[{"href":"https:\/\/ntsafack.com\/index.php\/wp-json\/wp\/v2\/types\/page"}],"author":[{"embeddable":true,"href":"https:\/\/ntsafack.com\/index.php\/wp-json\/wp\/v2\/users\/1"}],"replies":[{"embeddable":true,"href":"https:\/\/ntsafack.com\/index.php\/wp-json\/wp\/v2\/comments?post=127"}],"version-history":[{"count":1,"href":"https:\/\/ntsafack.com\/index.php\/wp-json\/wp\/v2\/pages\/127\/revisions"}],"predecessor-version":[{"id":128,"href":"https:\/\/ntsafack.com\/index.php\/wp-json\/wp\/v2\/pages\/127\/revisions\/128"}],"wp:attachment":[{"href":"https:\/\/ntsafack.com\/index.php\/wp-json\/wp\/v2\/media?parent=127"}],"curies":[{"name":"wp","href":"https:\/\/api.w.org\/{rel}","templated":true}]}}