{"id":135,"date":"2021-06-14T12:41:04","date_gmt":"2021-06-14T10:41:04","guid":{"rendered":"http:\/\/ntsafack.com\/?page_id=135"},"modified":"2021-06-14T12:41:04","modified_gmt":"2021-06-14T10:41:04","slug":"lieux-de-recherche","status":"publish","type":"page","link":"https:\/\/ntsafack.com\/index.php\/lieux-de-recherche\/","title":{"rendered":"Lieux de recherche"},"content":{"rendered":"\n<figure class=\"wp-block-image size-large\"><img loading=\"lazy\" width=\"1024\" height=\"592\" src=\"http:\/\/ntsafack.com\/wp-content\/uploads\/2021\/06\/lieux-de-recherche3-1024x592.png\" alt=\"Lieux de recherche\" class=\"wp-image-95\" srcset=\"https:\/\/ntsafack.com\/wp-content\/uploads\/2021\/06\/lieux-de-recherche3-1024x592.png 1024w, https:\/\/ntsafack.com\/wp-content\/uploads\/2021\/06\/lieux-de-recherche3-300x174.png 300w, https:\/\/ntsafack.com\/wp-content\/uploads\/2021\/06\/lieux-de-recherche3-768x444.png 768w, https:\/\/ntsafack.com\/wp-content\/uploads\/2021\/06\/lieux-de-recherche3-519x300.png 519w, https:\/\/ntsafack.com\/wp-content\/uploads\/2021\/06\/lieux-de-recherche3.png 1438w\" sizes=\"(max-width: 1024px) 100vw, 1024px\" \/><\/figure>\n\n\n\n<p>Le travail dans la recherche est un travail personnel mais aussi un travail d\u2019\u00e9quipe. Pour diverses raisons li\u00e9es \u00e0 mes questions de recherche, j\u2019ai collabor\u00e9 avec des personnes de disciplines vari\u00e9es. Je me suis souvent rendue dans les laboratoires de mes collaborateurs pour travailler sur place. Ainsi, par ordre chronologique :&nbsp;<strong>Angra Do Heroismo, Terceira, A\u00e7ores :&nbsp;<\/strong>Depuis Janvier 2021, dans le cadre d\u2019un postdoctorat je travaille sur les communaut\u00e9s d\u2019arthropodes des for\u00eats du complexe insulaire des A\u00e7ores. Mon travail fait partie du projet europ\u00e9en LIFE BEETLES.<br>Sur un jeu de donn\u00e9es de biodiversit\u00e9 (aussi bien sur la v\u00e9g\u00e9tation que sur l\u2019entomofaune) r\u00e9colt\u00e9 sur deux d\u00e9cennies, je vais chercher \u00e0 comprendre s\u2019il existe des patterns ; si ces patterns varient suivant les niveaux de conservation des zones prot\u00e9g\u00e9es. Je ferai un focus sur les esp\u00e8ces end\u00e9miques, les plus menac\u00e9es. L\u2019objectif \u00e0 terme est d\u2019optimiser les strat\u00e9gies de conservation des esp\u00e8ces menac\u00e9es dans un premier temps puis d\u2019\u00e9tendre ces mesures aux autres esp\u00e8ces suivant leur classement dans la liste rouge de l\u2019IUCN.<\/p>\n\n\n\n<figure class=\"wp-block-image\"><a href=\"https:\/\/1.bp.blogspot.com\/-vo1FxhUBB9E\/YCr4eL-ZfeI\/AAAAAAAABUk\/-DUL5R_OWYUw9R_inenCarRmluDGgGk2gCLcBGAsYHQ\/s709\/forets%2Bacores.png\"><img src=\"https:\/\/1.bp.blogspot.com\/-vo1FxhUBB9E\/YCr4eL-ZfeI\/AAAAAAAABUk\/-DUL5R_OWYUw9R_inenCarRmluDGgGk2gCLcBGAsYHQ\/w325-h400\/forets%2Bacores.png\" alt=\"\"\/><\/a><\/figure>\n\n\n\n<figure class=\"wp-block-image\"><a href=\"https:\/\/1.bp.blogspot.com\/-NcHOpnncod4\/YCr4xP703oI\/AAAAAAAABUw\/XcRw4TRZR4IXsL9u5SsWIqik_dsJnIrywCLcBGAsYHQ\/s876\/biodiv%2Bacores.png\"><img src=\"https:\/\/1.bp.blogspot.com\/-NcHOpnncod4\/YCr4xP703oI\/AAAAAAAABUw\/XcRw4TRZR4IXsL9u5SsWIqik_dsJnIrywCLcBGAsYHQ\/w400-h326\/biodiv%2Bacores.png\" alt=\"\"\/><\/a><\/figure>\n\n\n\n<p><strong><br><br>Yinchuan, Nord de la Chine<\/strong>&nbsp;: J&#8217;ai fait un postdoctorat de 3 ans (2018-2020) \u00e0 Yinchuan, Universit\u00e9 de Ningxia, dans la province de Ningxia, Nord de la Chine. Je travaille sur les communaut\u00e9s de col\u00e9opt\u00e8res des \u00e9cosyst\u00e8mes steppiques de la r\u00e9gion. J&#8217;ai cherch\u00e9&nbsp;\u00e0&nbsp;comprendre les patterns et les d\u00e9terminants des carabid\u00e9s dans les steppes. Ce travail a fait l&#8217;objet de quatre publications dans des revues internationales et deux sont en cours de r\u00e9vision.<\/p>\n\n\n\n<figure class=\"wp-block-image\"><a href=\"https:\/\/1.bp.blogspot.com\/-uFc3e8fu-fI\/YCr420n4ksI\/AAAAAAAABU0\/2bTe4V3X0lAAqDoT7C36YeRXT-jXln3UgCLcBGAsYHQ\/s906\/steppes%2Bchine.png\"><img src=\"https:\/\/1.bp.blogspot.com\/-uFc3e8fu-fI\/YCr420n4ksI\/AAAAAAAABU0\/2bTe4V3X0lAAqDoT7C36YeRXT-jXln3UgCLcBGAsYHQ\/w400-h118\/steppes%2Bchine.png\" alt=\"\"\/><\/a><\/figure>\n\n\n\n<figure class=\"wp-block-image\"><a href=\"https:\/\/1.bp.blogspot.com\/-DweoPhzd9kw\/YCr46h4RtnI\/AAAAAAAABU4\/OD0Dqz5Sa08u3PHnlzmBQiZboFtlWmtZQCLcBGAsYHQ\/s508\/carte%2Bsite%2Betude%2BChine.png\"><img src=\"https:\/\/1.bp.blogspot.com\/-DweoPhzd9kw\/YCr46h4RtnI\/AAAAAAAABU4\/OD0Dqz5Sa08u3PHnlzmBQiZboFtlWmtZQCLcBGAsYHQ\/w400-h375\/carte%2Bsite%2Betude%2BChine.png\" alt=\"\"\/><\/a><\/figure>\n\n\n\n<p><strong>Amiens, ATER&nbsp;:&nbsp;<\/strong>Dans le cadre de mon contrat d\u2019ATER \u00e0 l\u2019IUT d\u2019Amiens, j\u2019\u00e9tais rattach\u00e9e \u00e0 l\u2019unit\u00e9 de recherche EDYSAN. Apr\u00e8s mes enseignements pendant le premier semestre, j\u2019ai pass\u00e9 le deuxi\u00e8me semestre dans les bureaux de l\u2019unit\u00e9. Je travaillais sur l\u2019importance des haies pour les carabes (activit\u00e9-densit\u00e9 et richesse sp\u00e9cifique) de deux paysages agricoles contrast\u00e9s du nord de la France. ce travail a fait l&#8217;objet d&#8217;une communication orale dans le colloque des petits pois d\u00e9rid\u00e9s de 2017.<strong><br>Lyon, \u00e9tudes de Master<\/strong>&nbsp;: J\u2019ai effectu\u00e9 mon master a l\u2019universit\u00e9 de Lyon1 o\u00f9 j\u2019ai acquis des comp\u00e9tences solides en biostatistiques. J\u2019y ai \u00e9galement r\u00e9alis\u00e9 mon stage de master dans le laboratoire d\u2019\u00e9cologie microbienne et le laboratoire des hydrosyst\u00e8mes fluviaux.J&#8217;ai travaill\u00e9&nbsp;sur les interactions plantes invasives &#8211; communaut\u00e9s bactriennes.<\/p>\n\n\n\n<p><strong>Toulouse \u2013 Montpellier<\/strong>&nbsp;: Pendant ma th\u00e8se j\u2019\u00e9tais rattach\u00e9e \u00e0 deux unit\u00e9s de recherche. AIDA, CIRAD \u00e0 Montpellier et Dynafor, INRA \u00e0 Toulouse. Ces deux unit\u00e9s de recherche correspondent aux unit\u00e9s de mes directeurs de th\u00e8se Dr Philippe Menozzi et Dr Annie Ouin. J\u2019ai \u00e9t\u00e9 amen\u00e9e \u00e0 naviguer entre les deux laboratoires. A Toulouse, j\u2019ai \u00e9galement travaill\u00e9 avec Dr Issam Moussa sur la plateforme isotopique de l\u2019ENSAT pour analyser les isotopes stables de carbone et d\u2019azote.<\/p>\n\n\n\n<p><strong>Garoua, Nord Cameroun<\/strong>&nbsp;: J\u2019ai \u00e9t\u00e9 accueillie dans le laboratoire d\u2019\u00e9levage d\u2019<em>Helicoverpa armigera<\/em>&nbsp;de Garoua par Dr Prudent (CR CIRAD) (mai-juin 2011). Dans le but de mettre au point une m\u00e9thode de d\u00e9tection des marqueurs de tomate (tomatine) et de coton (gossypol), j\u2019ai \u00e9lev\u00e9 des individus d\u2019<em>H. armigera<\/em>&nbsp;sur trois sources nutritives (tomate \u2013 coton &#8211; ma\u00efs). Ces individus constituaient les groupes t\u00e9moins pour la suite de mes analyses (Tsafack et al, 2016).<\/p>\n\n\n\n<figure class=\"wp-block-image\"><a href=\"https:\/\/4.bp.blogspot.com\/-1eYD-qWoReE\/Wqpdx5sjF0I\/AAAAAAAAAlI\/16exKmanhXI2QEqD1TcmZ96yB7x7TfRbwCLcBGAs\/s1600\/Garoua.png\"><img src=\"https:\/\/4.bp.blogspot.com\/-1eYD-qWoReE\/Wqpdx5sjF0I\/AAAAAAAAAlI\/16exKmanhXI2QEqD1TcmZ96yB7x7TfRbwCLcBGAs\/s640\/Garoua.png\" alt=\"\"\/><\/a><\/figure>\n\n\n\n<figure class=\"wp-block-image\"><a href=\"https:\/\/4.bp.blogspot.com\/-Fr0h5zEeRMY\/WqpdxSYPlGI\/AAAAAAAAAlE\/hCHzlGXit3Ag-kYTMJxrtpz2c_r_ej2LgCLcBGAs\/s1600\/6.jpg\"><img src=\"https:\/\/4.bp.blogspot.com\/-Fr0h5zEeRMY\/WqpdxSYPlGI\/AAAAAAAAAlE\/hCHzlGXit3Ag-kYTMJxrtpz2c_r_ej2LgCLcBGAs\/s640\/6.jpg\" alt=\"\"\/><\/a><\/figure>\n\n\n\n<p><strong>Kandi, Nord B\u00e9nin<\/strong>&nbsp;: J\u2019ai \u00e9t\u00e9 accueillie par Dr Menozzi (CR CIRAD) et M. Akokponhoun Codjo (Expert local coton, Kandi). Le nord B\u00e9nin \u00e9tait ma zone d\u2019\u00e9tude pendant ma th\u00e8se. J\u2019y suis all\u00e9e en 2011 et 2012 pour mon travail sur le terrain (septembre \u00e0 d\u00e9cembre). J\u2019ai rencontr\u00e9 sur place une \u00e9quipe de techniciens qui m\u2019ont guid\u00e9 pendant la s\u00e9lection des parcelles. J\u2019ai ensuite dirig\u00e9 l\u2019\u00e9quipe pendant les mesures d\u2019infestations et les pi\u00e9geages d\u2019<em>H. armigera<\/em>&nbsp;et les relev\u00e9s d\u2019occupation du sol autour dans les parcelles de cotonniers.<\/p>\n\n\n\n<figure class=\"wp-block-image\"><a href=\"https:\/\/4.bp.blogspot.com\/-zVzJA4CPKoI\/Wqpdc6h26BI\/AAAAAAAAAlA\/iguWzOA00qY8MuWHKbOn7Ev5943qBlphwCEwYBhgL\/s1600\/terrain2.png\"><img src=\"https:\/\/4.bp.blogspot.com\/-zVzJA4CPKoI\/Wqpdc6h26BI\/AAAAAAAAAlA\/iguWzOA00qY8MuWHKbOn7Ev5943qBlphwCEwYBhgL\/s640\/terrain2.png\" alt=\"\"\/><\/a><\/figure>\n\n\n\n<figure class=\"wp-block-image\"><a href=\"https:\/\/3.bp.blogspot.com\/-c0xvAUalGDU\/Wqpdbl3bCgI\/AAAAAAAAAks\/6kRuWqLhiVwcRjptuAGNMDq26NR3JJecQCEwYBhgL\/s1600\/2.jpg\"><img src=\"https:\/\/3.bp.blogspot.com\/-c0xvAUalGDU\/Wqpdbl3bCgI\/AAAAAAAAAks\/6kRuWqLhiVwcRjptuAGNMDq26NR3JJecQCEwYBhgL\/s640\/2.jpg\" alt=\"\"\/><\/a><\/figure>\n\n\n\n<figure class=\"wp-block-image\"><a href=\"https:\/\/2.bp.blogspot.com\/-SqMfd8q6Mtk\/WqpdbkyG5mI\/AAAAAAAAAkw\/Ui2oQr-rHMI_ezzVW1ktgh_E7CXrYlSxQCEwYBhgL\/s1600\/Pi%25C3%25A8ge%2B%25C3%25A0%2Bph%25C3%25A9romone.jpg\"><img src=\"https:\/\/2.bp.blogspot.com\/-SqMfd8q6Mtk\/WqpdbkyG5mI\/AAAAAAAAAkw\/Ui2oQr-rHMI_ezzVW1ktgh_E7CXrYlSxQCEwYBhgL\/s640\/Pi%25C3%25A8ge%2B%25C3%25A0%2Bph%25C3%25A9romone.jpg\" alt=\"\"\/><\/a><\/figure>\n\n\n\n<figure class=\"wp-block-image\"><a href=\"https:\/\/1.bp.blogspot.com\/--krM60U54j4\/Wqpdc5JLvPI\/AAAAAAAAAk8\/zzuGkiFd3WMpKo-daMRW8IIvPghskDsAACEwYBhgL\/s1600\/terrain1.png\"><img src=\"https:\/\/1.bp.blogspot.com\/--krM60U54j4\/Wqpdc5JLvPI\/AAAAAAAAAk8\/zzuGkiFd3WMpKo-daMRW8IIvPghskDsAACEwYBhgL\/s640\/terrain1.png\" alt=\"\"\/><\/a><\/figure>\n\n\n\n<figure class=\"wp-block-image\"><a href=\"https:\/\/4.bp.blogspot.com\/-JLgzSbjYS1A\/WqpdcSkgIKI\/AAAAAAAAAk4\/hOEXJT9FeH0EbTBXSV8XwHJimoFNHg8JwCEwYBhgL\/s1600\/pi%25C3%25A8geage%2Blumineux.jpg\"><img src=\"https:\/\/4.bp.blogspot.com\/-JLgzSbjYS1A\/WqpdcSkgIKI\/AAAAAAAAAk4\/hOEXJT9FeH0EbTBXSV8XwHJimoFNHg8JwCEwYBhgL\/s640\/pi%25C3%25A8geage%2Blumineux.jpg\" alt=\"\"\/><\/a><\/figure>\n\n\n\n<figure class=\"wp-block-image\"><a href=\"https:\/\/3.bp.blogspot.com\/-GPP8JbhJvck\/Wqpdb2q0JVI\/AAAAAAAAAk0\/waNq5FsOJt4McSEBOhMRPBqObT63uTD9ACEwYBhgL\/s1600\/dia1a.jpg\"><img src=\"https:\/\/3.bp.blogspot.com\/-GPP8JbhJvck\/Wqpdb2q0JVI\/AAAAAAAAAk0\/waNq5FsOJt4McSEBOhMRPBqObT63uTD9ACEwYBhgL\/s640\/dia1a.jpg\" alt=\"\"\/><\/a><\/figure>\n\n\n\n<p><strong>St-Louis, Missouri, USA<\/strong>&nbsp;: J\u2019ai pass\u00e9 un mois (novembre 2013) \u00e0 St-Louis dans le laboratoire de Dr. Graham Head. L\u2019objet de ma visite \u00e9tait l\u2019analyse du marqueur de coton (gossypol) sur les adultes d\u2019<em>H. armigera<\/em>&nbsp;. J&#8217;ai ensuite particip\u00e9&nbsp;et donne une communication orale au colloque de la soci\u00e9t\u00e9 am\u00e9ricaine d\u2019entomologie.<\/p>\n\n\n\n<figure class=\"wp-block-image\"><a href=\"https:\/\/4.bp.blogspot.com\/-kjMv4zJo5SI\/WqpdNz1tiFI\/AAAAAAAAAko\/qgornVlebYA6GuJxYSZDGRQChX_3YZbKACLcBGAs\/s1600\/4.jpg\"><img src=\"https:\/\/4.bp.blogspot.com\/-kjMv4zJo5SI\/WqpdNz1tiFI\/AAAAAAAAAko\/qgornVlebYA6GuJxYSZDGRQChX_3YZbKACLcBGAs\/s640\/4.jpg\" alt=\"\"\/><\/a><\/figure>\n","protected":false},"excerpt":{"rendered":"<p>Le travail dans la recherche est un travail personnel mais aussi un travail d\u2019\u00e9quipe. Pour diverses raisons li\u00e9es \u00e0 mes questions de recherche, j\u2019ai collabor\u00e9 &hellip;<\/p>\n","protected":false},"author":1,"featured_media":0,"parent":0,"menu_order":0,"comment_status":"closed","ping_status":"closed","template":"","meta":[],"_links":{"self":[{"href":"https:\/\/ntsafack.com\/index.php\/wp-json\/wp\/v2\/pages\/135"}],"collection":[{"href":"https:\/\/ntsafack.com\/index.php\/wp-json\/wp\/v2\/pages"}],"about":[{"href":"https:\/\/ntsafack.com\/index.php\/wp-json\/wp\/v2\/types\/page"}],"author":[{"embeddable":true,"href":"https:\/\/ntsafack.com\/index.php\/wp-json\/wp\/v2\/users\/1"}],"replies":[{"embeddable":true,"href":"https:\/\/ntsafack.com\/index.php\/wp-json\/wp\/v2\/comments?post=135"}],"version-history":[{"count":1,"href":"https:\/\/ntsafack.com\/index.php\/wp-json\/wp\/v2\/pages\/135\/revisions"}],"predecessor-version":[{"id":136,"href":"https:\/\/ntsafack.com\/index.php\/wp-json\/wp\/v2\/pages\/135\/revisions\/136"}],"wp:attachment":[{"href":"https:\/\/ntsafack.com\/index.php\/wp-json\/wp\/v2\/media?parent=135"}],"curies":[{"name":"wp","href":"https:\/\/api.w.org\/{rel}","templated":true}]}}