{"id":152,"date":"2021-07-02T19:07:17","date_gmt":"2021-07-02T17:07:17","guid":{"rendered":"http:\/\/ntsafack.com\/?page_id=152"},"modified":"2021-07-02T19:07:18","modified_gmt":"2021-07-02T17:07:18","slug":"propositions-de-projets","status":"publish","type":"page","link":"https:\/\/ntsafack.com\/index.php\/propositions-de-projets\/","title":{"rendered":"Propositions de projets"},"content":{"rendered":"\n<p>Ces pages pr\u00e9sentent des propositions de projets, dans des \u00e9tats plus ou moins avanc\u00e9s, que j&#8217;ai \u00e9labor\u00e9es \u00e0 l&#8217;occasion de candidatures \u00e0 des postes de recherche ou de recherche et enseignement.<\/p>\n\n\n\n<p>Les candidatures n&#8217;ont pas \u00e9t\u00e9 fructueuses (donc les projets n&#8217;ont pas \u00e9t\u00e9 r\u00e9alis\u00e9s) cependant je trouve int\u00e9ressant de garder et documenter les d\u00e9marches accomplies et les id\u00e9es de projets. <\/p>\n\n\n\n<p><\/p>\n","protected":false},"excerpt":{"rendered":"<p>Ces pages pr\u00e9sentent des propositions de projets, dans des \u00e9tats plus ou moins avanc\u00e9s, que j&#8217;ai \u00e9labor\u00e9es \u00e0 l&#8217;occasion de candidatures \u00e0 des postes de &hellip;<\/p>\n","protected":false},"author":1,"featured_media":0,"parent":0,"menu_order":0,"comment_status":"closed","ping_status":"closed","template":"","meta":[],"_links":{"self":[{"href":"https:\/\/ntsafack.com\/index.php\/wp-json\/wp\/v2\/pages\/152"}],"collection":[{"href":"https:\/\/ntsafack.com\/index.php\/wp-json\/wp\/v2\/pages"}],"about":[{"href":"https:\/\/ntsafack.com\/index.php\/wp-json\/wp\/v2\/types\/page"}],"author":[{"embeddable":true,"href":"https:\/\/ntsafack.com\/index.php\/wp-json\/wp\/v2\/users\/1"}],"replies":[{"embeddable":true,"href":"https:\/\/ntsafack.com\/index.php\/wp-json\/wp\/v2\/comments?post=152"}],"version-history":[{"count":3,"href":"https:\/\/ntsafack.com\/index.php\/wp-json\/wp\/v2\/pages\/152\/revisions"}],"predecessor-version":[{"id":160,"href":"https:\/\/ntsafack.com\/index.php\/wp-json\/wp\/v2\/pages\/152\/revisions\/160"}],"wp:attachment":[{"href":"https:\/\/ntsafack.com\/index.php\/wp-json\/wp\/v2\/media?parent=152"}],"curies":[{"name":"wp","href":"https:\/\/api.w.org\/{rel}","templated":true}]}}