{"id":158,"date":"2021-07-02T19:09:57","date_gmt":"2021-07-02T17:09:57","guid":{"rendered":"http:\/\/ntsafack.com\/?page_id=158"},"modified":"2021-07-03T09:53:37","modified_gmt":"2021-07-03T07:53:37","slug":"ecologie-de-lentomofaune-des-vignes-les-predateurs-generalistes-les-punaises-anthocorides-mcf-dijon","status":"publish","type":"page","link":"https:\/\/ntsafack.com\/index.php\/ecologie-de-lentomofaune-des-vignes-les-predateurs-generalistes-les-punaises-anthocorides-mcf-dijon\/","title":{"rendered":"\u00c9cologie de l\u2019entomofaune des vignes : les pr\u00e9dateurs g\u00e9n\u00e9ralistes : les punaises anthocorid\u00e9s (MCF Dijon)"},"content":{"rendered":"\n<p>Voici l&#8217;un des 3 projets pr\u00e9par\u00e9s pour un dossier de candidature MCF \u00e0 Dijon dans le laboratoire Biog\u00e9osciences.<\/p>\n\n\n\n<h3>Projet 2&nbsp;: \u00c9cologie de l\u2019entomofaune des vignes : les pr\u00e9dateurs g\u00e9n\u00e9ralistes : les punaises anthocorid\u00e9s<\/h3>\n\n\n\n<p><em><strong>IV.4.1. Contexte<\/strong><\/em><\/p>\n\n\n\n<p>Les vignes constituent une culture importante \u00e9conomiquement en particulier dans la r\u00e9gion Bourgogne. L\u2019\u00e9tude de l\u2019entomofaune (ravageurs, vecteurs et auxiliaires) des vignes permet d\u2019optimiser la production tout en mod\u00e9rant l\u2019apport d\u2019intrants chimiques. Dans un contexte de changement climatique o\u00f9 l\u2019\u00e9quilibre des processus \u00e9cologiques comme les services \u00e9cosyst\u00e9miques est menac\u00e9, la dynamique des communaut\u00e9s des auxiliaires de culture ressort comme un sujet de recherche primordial.<\/p>\n\n\n\n<p>Ce projet s\u2019int\u00e9resse \u00e0 l\u2019\u00e9cologie d\u2019un groupe d\u2019auxiliaires de la vigne : les punaises anthocorid\u00e9s. Les punaises anthocorid\u00e9s sont des pr\u00e9dateurs g\u00e9n\u00e9ralistes<a href=\"#sdfootnote1sym\"><sup>1<\/sup><\/a><sup>,<\/sup><a href=\"#sdfootnote2sym\"><sup>2<\/sup><\/a>, pr\u00e9sents dans plusieurs syst\u00e8mes de culture dont la vigne. Dans les vignes, les adultes sont pr\u00e9datrices d\u2019\u0153ufs et de larves de cicadelles, comme la cicadelle vectrice de la flavescence dor\u00e9e (<em>Scapho\u00efdeus titanus<\/em>).<\/p>\n\n\n\n<p>L\u2019\u00e9quipe ECO\/EVO \u00e9tudie d\u00e9j\u00e0 les syst\u00e8mes tritrophiques vigne-vecteur-pathog\u00e8ne et vigne-ravageur-parasito\u00efde, mon projet compl\u00e8te ce th\u00e8me en \u00e9tudiant un syst\u00e8me vigne-ravageur-pr\u00e9dateur (ou vecteur). Il apporte un autre auxiliaire de culture (les punaises anthocorid\u00e9s) avec un autre mode de r\u00e9gulation (la pr\u00e9dation). Mon projet compl\u00e8te donc les \u00e9tudes de l\u2019\u00e9quipe avec des questions qui me permettront aussi de travailler avec deux autres \u00e9quipes : BioMe et CRC. Ces \u00e9tudes permettront de mod\u00e9liser et pr\u00e9voir, dans un contexte de changement global et d\u2019adaptation des pratiques agricoles, le potentiel r\u00e9gulateur des anthocorid\u00e9s.<\/p>\n\n\n\n<p><em><strong>IV.4.2. Objectifs<\/strong><\/em><\/p>\n\n\n\n<p>Ce projet s\u2019int\u00e9resse \u00e0 l\u2019\u00e9cologie d\u2019un groupe d\u2019auxiliaires de la vigne : les punaises anthocorid\u00e9s. Il s\u2019agit de d\u00e9velopper les connaissances autour des m\u00e9canismes qui expliquent la distribution et l\u2019abondance des communaut\u00e9s d\u2019anthocorid\u00e9s. Ceci dans un but d\u2019optimisation de leur fonction de r\u00e9gulateur de ravageur et de mod\u00e9lisation des dynamiques dans un contexte de changement climatique.<\/p>\n\n\n\n<p>Il s\u2019agira notamment de d\u00e9velopper les points suivants :<\/p>\n\n\n\n<ul><li>1) Nous \u00e9tudierons (statistiques inf\u00e9rentielles) comment diff\u00e9rents facteurs influencent les communaut\u00e9s des anthocorid\u00e9s.<ul><li>Facteurs locaux (microclimat, sol, intrants)<\/li><li>Facteurs globaux (gradient de temp\u00e9rature, humidit\u00e9)<\/li><li>Facteurs paysagers (composition)<\/li><\/ul><\/li><\/ul>\n\n\n\n<ul><li>2) Nous nous concentrerons sur les esp\u00e8ces \u00e0 fort pouvoir r\u00e9gulateur (Anthocoridae du genre <em>Orius<\/em>, nous s\u00e9lectionnerons l\u2019esp\u00e8ce dominante sur le terrain) pour \u00e9tudier les diff\u00e9rents facteurs influen\u00e7ant leurs traits biologiques, dont le potentiel de pr\u00e9dation des cicadelles.<\/li><li>3) Nous mod\u00e9liserons les effets du changement climatique en utilisant l\u2019algorithme MaxEnt<a href=\"#sdfootnote3sym\"><sup>3<\/sup><\/a><sup>,<\/sup><a href=\"#sdfootnote4sym\"><sup>4<\/sup><\/a>. Nous consid\u00e9rons d\u2019une part l\u2019enveloppe climatique de la proie (cicadelle, vecteur de la flavescence dor\u00e9e), d\u2019autre part l\u2019enveloppe climatique de l\u2019esp\u00e8ce Anthocoridae <em>Orius insiduosis <\/em>Si cette esp\u00e8ce comme dans plusieurs r\u00e9gions correspond \u00e0 l\u2019esp\u00e8ce dominante dans les vignes de la r\u00e9gion. En recoupant les deux enveloppes, nous pourrons pr\u00e9dire avec plus de pr\u00e9cision la r\u00e9ponse du service r\u00e9gulateur face au changement climatique.<\/li><\/ul>\n\n\n\n<p>L\u2019exploration de ces diff\u00e9rentes questions permettra de mieux conna\u00eetre la r\u00e9ponse au changement climatique de la fonction de r\u00e9gulation des Anthocoridae dans le cadre du syst\u00e8me tritrophique punaise-cicadelle-vigne.<\/p>\n\n\n\n<p><em><strong>IV.4.3. M\u00e9thodes<\/strong><\/em><\/p>\n\n\n\n<p><strong>Sites d\u2019\u00e9tude&nbsp;: <\/strong>Nous choisirons des parcelles dans les vignobles de la r\u00e9gion de Bourgogne, en priorit\u00e9 les parcelles d\u00e9j\u00e0 s\u00e9lectionn\u00e9es par l\u2019\u00e9quipe.<\/p>\n\n\n\n<p><strong>Echantillonnages<\/strong><\/p>\n\n\n\n<ul><li><strong>Sol&nbsp;: <\/strong>Des \u00e9chantillons de sol seront pr\u00e9lev\u00e9s pour caract\u00e9riser la structure du sol et quantifier les diff\u00e9rents intrants. Ces donn\u00e9es seront compl\u00e9t\u00e9es par des entretiens avec les propri\u00e9taires.<\/li><li><strong>Insectes<\/strong>&nbsp;: Nous utiliserons les pi\u00e8ges collants pour collecter les anthocorid\u00e9s et les cicadelles dans les parcelles. Les sp\u00e9cimens seront conserv\u00e9s au laboratoire. Je les identifierai et mesurerai ensuite.<\/li><\/ul>\n\n\n\n<p><strong>Donn\u00e9es du paysage<\/strong><\/p>\n\n\n\n<p>Les \u00e9l\u00e9ments du paysage seront relev\u00e9s. Il s\u2019agira notamment des diff\u00e9rents types d\u2019occupation du sol dans l\u2019environnement de la parcelle. Ces donn\u00e9es seront compl\u00e9t\u00e9es par les donn\u00e9es de cadastre et des images satellites. Ensuite, j\u2019utiliserai les outils d\u2019analyses spatiales QGIS (ou ArcGIS) pour caract\u00e9riser l\u2019organisation spatiale des sites en mesurant les proportions en surface des diff\u00e9rents \u00e9l\u00e9ments du paysage (friches, prairies, cultures, bandes enherb\u00e9es, haies\u2026).<\/p>\n\n\n\n<p><strong>Donn\u00e9es climat<\/strong><\/p>\n\n\n\n<p>La collecte des donn\u00e9es sur les facteurs climatiques et microclimatiques pourra b\u00e9n\u00e9ficier des synergies avec l\u2019\u00e9quipe CRC (Centre de Recherches de Climatologie).<\/p>\n\n\n\n<p><strong>Analyse au laboratoire<\/strong><\/p>\n\n\n\n<p>Au laboratoire, des \u00e9tudes seront r\u00e9alis\u00e9es pour quantifier les intrants \u00e0 la fois sur les insectes et le sol des diff\u00e9rentes parcelles. J\u2019ai les comp\u00e9tences pour r\u00e9aliser ces analyses.<\/p>\n\n\n\n<p><strong>Elevages<\/strong><\/p>\n\n\n\n<p>Pour r\u00e9pondre au deuxi\u00e8me volet des objectifs (biologie de <em>Orius sp<\/em>.), je mettrai en place des \u00e9levages des esp\u00e8ces de <em>Orius sp<\/em>. Dans un premier temps je r\u00e9aliserai les \u00e9levages de <em>Orius insiduosis<\/em> qui est l\u2019esp\u00e8ce parmi les punaises anthocorid\u00e9s la plus \u00e9tudi\u00e9e dans la litt\u00e9rature.<\/p>\n\n\n\n<p><strong>M\u00e9thodes statistiques<\/strong><\/p>\n\n\n\n<p>En plus de l\u2019algorithme MaxEnt, comme pour le projet pr\u00e9sent\u00e9 plus haut, j\u2019appliquerai les outils statistiques que j\u2019ai d\u00e9j\u00e0 utilis\u00e9 avec succ\u00e8s dans mes projets pr\u00e9c\u00e9dents et j\u2019explorerai des approches novatrices.<\/p>\n\n\n\n<p><em><strong>IV.4.4. Dimensionnement &#8211; faisabilit\u00e9<\/strong><\/em><\/p>\n\n\n\n<p>Au vu mon exp\u00e9rience en protocole de terrain et en valorisation de donn\u00e9es, j\u2019estime que pour avoir des donn\u00e9es int\u00e9ressantes statistiquement (significatives) il faudra avoir une trentaine de points d\u2019\u00e9chantillonnages, avec des relev\u00e9s tous les mois du printemps jusqu\u2019\u00e0 la fin de l\u2019\u00e9t\u00e9. La prolongation du projet sur plusieurs ann\u00e9es permettrait d\u2019avoir des donn\u00e9es tr\u00e8s int\u00e9ressantes sur l\u2019\u00e9volution dans le temps des diff\u00e9rentes dynamiques pr\u00e9dateur\/proie. Le travail de terrain demandera l\u2019aide d\u2019au moins une personne (travail en bin\u00f4me). Les modalit\u00e9s de l\u2019\u00e9levage seront \u00e0 d\u00e9terminer.<\/p>\n\n\n\n<p>Ce projet pourra b\u00e9n\u00e9ficier de plusieurs financements (r\u00e9gion, France, Europe) qui seront recherch\u00e9s avec le soutien du BVV (P\u00f4le Bourgogne Vigne et Vin).<\/p>\n\n\n\n<p>Au total, ce projet demandera peu de ressources pour de r\u00e9sultats scientifiques int\u00e9ressants et novateurs. Il n\u2019y a pas de difficult\u00e9s mat\u00e9rielles ou m\u00e9thodologiques majeures.<\/p>\n\n\n\n<p><em><strong>IV.4.5. Apports du projet<\/strong><\/em><\/p>\n\n\n\n<p>Ce projet compl\u00e9tera les r\u00e9sultats d\u00e9j\u00e0 obtenus par l\u2019\u00e9quipe et sera l\u2019un des premiers \u00e0 produire des r\u00e9sultats (articles dans des revues \u00e0 comit\u00e9 de lecture internationales) sur ces questions de structure des communaut\u00e9s des anthocorid\u00e9s et leur biologie.<\/p>\n\n\n\n<p>Les anthocorid\u00e9s pourraient repr\u00e9senter une solution d\u2019avenir pour le contr\u00f4le biologique dans les vignes au vu de leur possible bonne r\u00e9ponse au changement climatique (pr\u00e9dateur g\u00e9n\u00e9raliste). Ce projet permettra d\u2019explorer cette question. Le projet pourra aider \u00e0 la formulation des recommandations pour les viticulteurs.<\/p>\n\n\n\n<p>Ce projet apportera \u00e9galement des r\u00e9sultats th\u00e9oriques de port\u00e9e plus g\u00e9n\u00e9rale sur les r\u00e9ponses des syst\u00e8mes pr\u00e9dateur\/proie au changement climatique. Les perspectives d\u2019articulation avec les r\u00e9sultats de l\u2019\u00e9quipe sur les relations h\u00f4te-parasito\u00efde notamment, pour mieux th\u00e9oriser les r\u00e9ponses g\u00e9n\u00e9rales des fonctions \u00e9cologiques et des relations inter-organismes dans le cadre du changement climatique, sont int\u00e9ressantes.<\/p>\n\n\n\n<p><em><strong>IV.4.6. Int\u00e9gration au laboratoire<\/strong><\/em><\/p>\n\n\n\n<p>Ce projet s\u2019inscrit dans les th\u00e8mes de l\u2019\u00e9quipe ECO\/EVO et pourra b\u00e9n\u00e9ficier \u00e0 la fois des sites d\u2019\u00e9tude, des m\u00e9thodologies et des comp\u00e9tences de l\u2019\u00e9quipe. Par ailleurs, l\u2019\u00e9tude des facteurs climatiques et microclimatiques pourra b\u00e9n\u00e9ficier des synergies avec l\u2019\u00e9quipe CRC (Centre de Recherches de Climatologie). Ce projet pourrait d\u2019ailleurs s\u2019inscrire dans ou \u00eatre en synergie avec le projet inter-\u00e9quipes \u00ab Etude int\u00e9gr\u00e9e de la vigne \u00bb qui r\u00e9unit les \u00e9quipes CRC, SEDS et ECO\/EVO.<\/p>\n\n\n\n<p><a href=\"#sdfootnote1anc\">1<\/a> Lattin et Stanton, 1992. https:\/\/www.jstor.org\/stable\/25009976<\/p>\n\n\n\n<p><a href=\"#sdfootnote2anc\">2<\/a> Furihata et al, 2020. doi: 0.1093\/ee\/nvz001<\/p>\n\n\n\n<p><a href=\"#sdfootnote3anc\">3<\/a>Elith et al, 2010. doi:10.1111\/j.1472-4642.2010.00725.x<\/p>\n\n\n\n<p><a href=\"#sdfootnote4anc\">4<\/a>Merow et al 2013. doi: 10.1111\/j.1600-0587.2013.07872.x<\/p>\n","protected":false},"excerpt":{"rendered":"<p>Voici l&#8217;un des 3 projets pr\u00e9par\u00e9s pour un dossier de candidature MCF \u00e0 Dijon dans le laboratoire Biog\u00e9osciences. Projet 2&nbsp;: \u00c9cologie de l\u2019entomofaune des vignes &hellip;<\/p>\n","protected":false},"author":1,"featured_media":0,"parent":0,"menu_order":0,"comment_status":"closed","ping_status":"closed","template":"","meta":[],"_links":{"self":[{"href":"https:\/\/ntsafack.com\/index.php\/wp-json\/wp\/v2\/pages\/158"}],"collection":[{"href":"https:\/\/ntsafack.com\/index.php\/wp-json\/wp\/v2\/pages"}],"about":[{"href":"https:\/\/ntsafack.com\/index.php\/wp-json\/wp\/v2\/types\/page"}],"author":[{"embeddable":true,"href":"https:\/\/ntsafack.com\/index.php\/wp-json\/wp\/v2\/users\/1"}],"replies":[{"embeddable":true,"href":"https:\/\/ntsafack.com\/index.php\/wp-json\/wp\/v2\/comments?post=158"}],"version-history":[{"count":3,"href":"https:\/\/ntsafack.com\/index.php\/wp-json\/wp\/v2\/pages\/158\/revisions"}],"predecessor-version":[{"id":195,"href":"https:\/\/ntsafack.com\/index.php\/wp-json\/wp\/v2\/pages\/158\/revisions\/195"}],"wp:attachment":[{"href":"https:\/\/ntsafack.com\/index.php\/wp-json\/wp\/v2\/media?parent=158"}],"curies":[{"name":"wp","href":"https:\/\/api.w.org\/{rel}","templated":true}]}}