{"id":161,"date":"2021-07-02T19:09:09","date_gmt":"2021-07-02T17:09:09","guid":{"rendered":"http:\/\/ntsafack.com\/?page_id=161"},"modified":"2021-07-03T09:54:50","modified_gmt":"2021-07-03T07:54:50","slug":"microbiote-intestinal-de-lobesia-botrana-mcf-dijon","status":"publish","type":"page","link":"https:\/\/ntsafack.com\/index.php\/microbiote-intestinal-de-lobesia-botrana-mcf-dijon\/","title":{"rendered":"Microbiote intestinal de Lobesia Botrana (MCF Dijon)"},"content":{"rendered":"\n<p>Voici l&#8217;un des 3 projets pr\u00e9par\u00e9s pour un dossier de candidature MCF \u00e0 Dijon dans le laboratoire Biog\u00e9osciences.<\/p>\n\n\n\n<h3>Projet 3&nbsp;:&nbsp;Microbiote intestinal de <em>Lobesia Botrana<\/em><\/h3>\n\n\n\n<p>De nombreuses \u00e9tudes<a href=\"#sdfootnote1sym\"><sup>1<\/sup><\/a><sup>,<\/sup><a href=\"#sdfootnote2sym\"><sup>2<\/sup><\/a> sont men\u00e9es par l&#8217;\u00e9quipe ECO\/EVO sur les relations trophiques mettant en jeu le ravageur de la vigne <em>Lobesia Botrana<\/em> (ver de la grappe). Une \u00e9tude tr\u00e8s int\u00e9ressante et s&#8217;int\u00e9grant tr\u00e8s bien aux travaux de l&#8217;\u00e9quipe (notamment les travaux de Philippe Lou\u00e2pre que j&#8217;ai pu contacter) concernerait le microbiote intestinal de <em>L. Botrana<\/em>. Plus pr\u00e9cis\u00e9ment il s&#8217;agira de mod\u00e9liser l&#8217;impact de la temp\u00e9rature et des produits phytosanitaires sur le microbiote intestinal de <em>L. Botrana<\/em>.<\/p>\n\n\n\n<p>Plusieurs questions seront abord\u00e9es&nbsp;:<\/p>\n\n\n\n<ul><li>Quels sont les effets de la temp\u00e9rature sur le microbiote intestinal de <em>L. Botrana<\/em> ? Nous pourrons ici par des \u00e9tudes en environnement contr\u00f4l\u00e9 sur des \u00e9levages au laboratoire simuler un gradient climatique. Nous nous appuierons sur les m\u00e9thodologies utilis\u00e9es par l&#8217;\u00e9quipe pour l&#8217;\u00e9tude d&#8217;autres mod\u00e8les<sup>29<\/sup>.<\/li><li>Quels sont les effets des produits phytosanitaires les plus couramment utilis\u00e9s sur ce microbiote ? Ici aussi nous m\u00e8nerons des \u00e9tudes de laboratoire en s&#8217;inspirant des m\u00e9thodes d\u00e9j\u00e0 pratiqu\u00e9es par ECO\/EVO.<\/li><\/ul>\n\n\n\n<p>Ces deux premiers questionnements permettront de conna\u00eetre la r\u00e9ponse du microbiote, notamment en termes de population et de diversit\u00e9, mais aussi de fonctionnement (activit\u00e9 microbienne) en r\u00e9ponse aux facteurs temp\u00e9rature et intrants.<\/p>\n\n\n\n<ul><li>Quelle est la diversit\u00e9 du microbiote intestinal de <em>L. Botrana<\/em> constat\u00e9e sur le terrain ? Cela permettra de savoir si le paysage a un effet sur les populations microbiotiques.<\/li><li>Comment la composition et le fonctionnement du microbiote impacte les voisins trophiques de <em>L. Botrana <\/em>? Le microbiote intestinal peut impacter plusieurs fonctions<a href=\"#sdfootnote3sym\"><sup>3<\/sup><\/a><sup>,<\/sup><a href=\"#sdfootnote4sym\"><sup>4<\/sup><\/a>, sur l&#8217;efficacit\u00e9 reproductrice de l&#8217;organisme, mais aussi sur son efficacit\u00e9 alimentaire sur le niveau trophique inf\u00e9rieur, ici la vigne. Le microbiote pourrait \u00e9galement jouer un r\u00f4le dans la r\u00e9ponse immunitaire de <em>L. Botrana<\/em> et donc dans ses d\u00e9fenses face aux parasito\u00efdes comme les trichogrammes. Ici aussi des \u00e9tudes de laboratoire pourront \u00eatre men\u00e9es, compl\u00e9t\u00e9es par des relev\u00e9s de terrain. ECO\/EVO \u00e9tudie d\u00e9j\u00e0 la r\u00e9ponse immunitaire du ver de la grappe face \u00e0 ses parasito\u00efdes<a href=\"#sdfootnote5sym\"><sup>5<\/sup><\/a>, une mutualisation des moyens, m\u00e9thodes et comp\u00e9tences sera mise en place pour ce volet \u00e9galement.<\/li><\/ul>\n\n\n\n<p>Les \u00e9levages au laboratoire pourront \u00eatre r\u00e9alis\u00e9s gr\u00e2ce \u00e0 la grande exp\u00e9rience de l&#8217;\u00e9quipe (et mon exp\u00e9rience d&#8217;\u00e9levage d&#8217;insectes lors de ma th\u00e8se) et aux moyens d\u00e9j\u00e0 en place.<\/p>\n\n\n\n<p>Les relev\u00e9s de terrain seront r\u00e9alis\u00e9s par pi\u00e9geage et collecte, analyse de donn\u00e9es satellites pour l&#8217;\u00e9tude du paysage, sur les sites d\u00e9j\u00e0 utilis\u00e9s par le laboratoire en priorit\u00e9.<\/p>\n\n\n\n<p>Mes connaissances en statistiques inf\u00e9rentielles seront mobilis\u00e9es pour la constitution des diff\u00e9rents mod\u00e8les. Les param\u00e8tres de mesures de la biodiversit\u00e9, du fonctionnement et de la structure de la population seront \u00e0 d\u00e9terminer.<\/p>\n\n\n\n<p>Ce projet apportera des r\u00e9ponses tr\u00e8s int\u00e9ressantes sur le microbiote intestinal d&#8217;un ravageur, sujet encore peu \u00e9tudi\u00e9 surtout sous l&#8217;angle des dynamiques induites par le changement climatique. Le projet est d&#8217;un int\u00e9r\u00eat scientifique important pour l&#8217;\u00e9quipe ECO\/EVO en compl\u00e9ment des \u00e9tudes d\u00e9j\u00e0 men\u00e9es et permettra d&#8217;am\u00e9liorer les connaissances th\u00e9oriques et pratiques sur le ver de la grappe. Ici aussi le projet s\u2019appuie sur mes comp\u00e9tences et exp\u00e9riences, et sur les comp\u00e9tences et moyens du laboratoire, ce qui est un avantage certain pour sa faisabilit\u00e9.<\/p>\n\n\n\n<p><a href=\"#sdfootnote1anc\">1<\/a> Iltis et al, 2019. doi: <a href=\"https:\/\/doi.org\/10.1016\/j.jinsphys.2019.103916\">10.1016\/j.jinsphys.2019.103916<\/a><\/p>\n\n\n\n<p><a href=\"#sdfootnote2anc\">2<\/a> Iltis et al, 2020. doi: 0.1007\/s10340-020-01201-1<\/p>\n\n\n\n<p><a href=\"#sdfootnote3anc\">3<\/a>Tang et al, 2012. doi:&nbsp;<a href=\"https:\/\/dx.doi.org\/10.1371%2Fjournal.pone.0036978\">10.1371\/journal.pone.0036978<\/a><\/p>\n\n\n\n<p><a href=\"#sdfootnote4anc\">4<\/a>Mondy et al, 1998. doi: <a href=\"https:\/\/doi.org\/10.1016\/S0764-4469(98)80006-1\">10.1016\/S0764-4469(98)80006-1<\/a><\/p>\n\n\n\n<p><a href=\"#sdfootnote5anc\">5<\/a> Iltis et al, 2018. doi: 0.1007\/s10340-018-0992-y<\/p>\n","protected":false},"excerpt":{"rendered":"<p>Voici l&#8217;un des 3 projets pr\u00e9par\u00e9s pour un dossier de candidature MCF \u00e0 Dijon dans le laboratoire Biog\u00e9osciences. Projet 3&nbsp;:&nbsp;Microbiote intestinal de Lobesia Botrana De &hellip;<\/p>\n","protected":false},"author":1,"featured_media":0,"parent":0,"menu_order":0,"comment_status":"closed","ping_status":"closed","template":"","meta":[],"_links":{"self":[{"href":"https:\/\/ntsafack.com\/index.php\/wp-json\/wp\/v2\/pages\/161"}],"collection":[{"href":"https:\/\/ntsafack.com\/index.php\/wp-json\/wp\/v2\/pages"}],"about":[{"href":"https:\/\/ntsafack.com\/index.php\/wp-json\/wp\/v2\/types\/page"}],"author":[{"embeddable":true,"href":"https:\/\/ntsafack.com\/index.php\/wp-json\/wp\/v2\/users\/1"}],"replies":[{"embeddable":true,"href":"https:\/\/ntsafack.com\/index.php\/wp-json\/wp\/v2\/comments?post=161"}],"version-history":[{"count":2,"href":"https:\/\/ntsafack.com\/index.php\/wp-json\/wp\/v2\/pages\/161\/revisions"}],"predecessor-version":[{"id":200,"href":"https:\/\/ntsafack.com\/index.php\/wp-json\/wp\/v2\/pages\/161\/revisions\/200"}],"wp:attachment":[{"href":"https:\/\/ntsafack.com\/index.php\/wp-json\/wp\/v2\/media?parent=161"}],"curies":[{"name":"wp","href":"https:\/\/api.w.org\/{rel}","templated":true}]}}