{"id":172,"date":"2021-07-02T19:22:06","date_gmt":"2021-07-02T17:22:06","guid":{"rendered":"http:\/\/ntsafack.com\/?page_id=172"},"modified":"2021-07-03T09:54:32","modified_gmt":"2021-07-03T07:54:32","slug":"les-sphaignes-et-les-tourbieres-habitats-pour-lentomofaune-mcf-montbeliard","status":"publish","type":"page","link":"https:\/\/ntsafack.com\/index.php\/les-sphaignes-et-les-tourbieres-habitats-pour-lentomofaune-mcf-montbeliard\/","title":{"rendered":"Les sphaignes et les tourbi\u00e8res, habitats pour l\u2019entomofaune (MCF Montb\u00e9liard)"},"content":{"rendered":"\n<p>Deuxi\u00e8me proposition de projet esquiss\u00e9e dans le cadre d&#8217;une candidature \u00e0 Montb\u00e9liard au sein du laboratoire Chrono Environnement.<\/p>\n\n\n\n<h3>Les sphaignes et les tourbi\u00e8res, habitats pour l\u2019entomofaune<\/h3>\n\n\n\n<p>L\u2019\u00e9quipe (principalement Philippe Binet) travaille aussi sur les sphaignes (principale v\u00e9g\u00e9tation des tourbi\u00e8res). La tourbi\u00e8re de Frasne (et sa station de recherche) constitue le site d\u2019\u00e9tude. Les tourbi\u00e8res jouent un r\u00f4le primordial dans le changement climatique (pi\u00e8ge carbone)<a href=\"#sdfootnote1sym\"><sup>1<\/sup><\/a> et sont un \u00e9cosyst\u00e8me particuli\u00e8rement fragile<sup>23<\/sup>. Voici quelques points que je pourrai d\u00e9velopper&nbsp;:<\/p>\n\n\n\n<ul><li>P1&nbsp;: Dans l\u2019entomofaune des tourbi\u00e8res, quelles sont les esp\u00e8ces d\u2019insectes b\u00e9n\u00e9fiques (ou nuisibles) aux sphaignes&nbsp;? Nous pourrons analyser le r\u00e9gime alimentaire, et globalement l\u2019utilisation des sphaignes par les insectes.<\/li><li>P2&nbsp;: Comment ces esp\u00e8ces r\u00e9pondent au changement global dans ce type d\u2019\u00e9cosyst\u00e8me&nbsp;? Nous chercherons \u00e0 savoir si le climat (la temp\u00e9rature et l\u2019humidit\u00e9) et le d\u00e9bit d\u2019eau (qui peut \u00eatre vu comme un facteur global ou local) par exemple, sont explicatifs de la dynamique et de la structure des communaut\u00e9s d\u2019insectes.<\/li><\/ul>\n\n\n\n<ul><li>P3&nbsp;: Ces esp\u00e8ces sont-elles indicatrices de la sant\u00e9 des sphaignes&nbsp;? Autrement dit pourrons-nous trouver des corr\u00e9lations entre la dynamique et la composition des communaut\u00e9s d\u2019insectes, et la sant\u00e9 de la tourbi\u00e8re ?<\/li><li>P4&nbsp;: Quel est le r\u00f4le les facteurs paysagers (espaces bois\u00e9s, prairies p\u00e2tur\u00e9es attenantes, taille de la tourbi\u00e8re\u2026) dans&nbsp;la dynamique des populations d\u2019insectes ? Certains \u00e9l\u00e9ments du paysage pourraient favoriser ou d\u00e9favoriser des esp\u00e8ces, par exemple en constituant des refuges ou des corridors pour des esp\u00e8ces \u00e0 faible dispersion.<\/li><\/ul>\n\n\n\n<p>Le travail sera principalement constitu\u00e9 d\u2019\u00e9tudes de terrain \u00e0 Frasne (collectes, pi\u00e9geages, relev\u00e9s), d\u2019identifications et analyses au laboratoire, et de mod\u00e9lisation. J\u2019utiliserai les m\u00e9thodes de statistiques inf\u00e9rentielles dont j\u2019ai une bonne exp\u00e9rience, et des m\u00e9thodes innovantes que je souhaite explorer. Ce projet apportera des donn\u00e9es int\u00e9ressantes sur le fonctionnement de l\u2019\u00e9cosyst\u00e8me des tourbi\u00e8res, sa relation au paysage et compl\u00e9tera les \u00e9tudes existantes<sup>23<\/sup> sur ce milieu. Ici aussi, j\u2019ai toutes les comp\u00e9tences n\u00e9cessaires (d\u00e9veloppement des questions scientifiques, m\u00e9thodologie, terrain et laboratoire, mod\u00e9lisation) pour mener \u00e0 bien ce projet et pourrais \u00e9galement m\u2019appuyer sur les comp\u00e9tences de l\u2019\u00e9quipe en support. Le site d\u2019\u00e9tude est d\u00e9j\u00e0 bien connu et utilis\u00e9, ce qui est un plus pour la faisabilit\u00e9 du projet. A terme, la poursuite du projet sur plusieurs ann\u00e9es, et l\u2019\u00e9chantillonnage sur d\u2019autres sites en France ou \u00e0 l\u2019\u00e9tranger, ou des collaborations, pourront am\u00e9liorer la pertinence des r\u00e9sultats obtenus notamment en ce qui concerne les effets des changements globaux.<\/p>\n\n\n\n<p><a href=\"#sdfootnote1anc\">1<\/a> Chiapusio et al, 2018. doi: 10.1007\/s10886-018-1023-4<\/p>\n","protected":false},"excerpt":{"rendered":"<p>Deuxi\u00e8me proposition de projet esquiss\u00e9e dans le cadre d&#8217;une candidature \u00e0 Montb\u00e9liard au sein du laboratoire Chrono Environnement. Les sphaignes et les tourbi\u00e8res, habitats pour &hellip;<\/p>\n","protected":false},"author":1,"featured_media":0,"parent":0,"menu_order":0,"comment_status":"closed","ping_status":"closed","template":"","meta":[],"_links":{"self":[{"href":"https:\/\/ntsafack.com\/index.php\/wp-json\/wp\/v2\/pages\/172"}],"collection":[{"href":"https:\/\/ntsafack.com\/index.php\/wp-json\/wp\/v2\/pages"}],"about":[{"href":"https:\/\/ntsafack.com\/index.php\/wp-json\/wp\/v2\/types\/page"}],"author":[{"embeddable":true,"href":"https:\/\/ntsafack.com\/index.php\/wp-json\/wp\/v2\/users\/1"}],"replies":[{"embeddable":true,"href":"https:\/\/ntsafack.com\/index.php\/wp-json\/wp\/v2\/comments?post=172"}],"version-history":[{"count":2,"href":"https:\/\/ntsafack.com\/index.php\/wp-json\/wp\/v2\/pages\/172\/revisions"}],"predecessor-version":[{"id":199,"href":"https:\/\/ntsafack.com\/index.php\/wp-json\/wp\/v2\/pages\/172\/revisions\/199"}],"wp:attachment":[{"href":"https:\/\/ntsafack.com\/index.php\/wp-json\/wp\/v2\/media?parent=172"}],"curies":[{"name":"wp","href":"https:\/\/api.w.org\/{rel}","templated":true}]}}