{"id":221,"date":"2021-07-07T10:47:09","date_gmt":"2021-07-07T08:47:09","guid":{"rendered":"http:\/\/ntsafack.com\/?page_id=221"},"modified":"2021-07-07T10:47:10","modified_gmt":"2021-07-07T08:47:10","slug":"abondance-et-origine-trophique-de-la-noctuelle-de-la-tomate-helicoverpa-armigera-dans-les-paysages-ruraux-de-production-cotonniere-au-nord-benin-phd-thesis","status":"publish","type":"page","link":"https:\/\/ntsafack.com\/index.php\/abondance-et-origine-trophique-de-la-noctuelle-de-la-tomate-helicoverpa-armigera-dans-les-paysages-ruraux-de-production-cotonniere-au-nord-benin-phd-thesis\/","title":{"rendered":"Abondance et origine trophique de la noctuelle de la tomate (Helicoverpa armigera) dans les paysages ruraux de production cotonni\u00e8re au Nord B\u00e9nin (PhD Thesis)"},"content":{"rendered":"\n<p>Mettre en place des strat\u00e9gies de lutte contre les ravageurs, ind\u00e9pendantes des produits chimiques est un objectif fondamental pour une protection durable des cultures contre les ravageurs et la conservation d\u2019un environnement sain pour les populations humaines en zone rurale. L\u2019objectif principal de ce travail \u00e9tait de contribuer \u00e0 la mise en place d\u2019une lutte biologique par gestion des habitats \u00e0 l\u2019\u00e9chelle du paysage de la noctuelle polyphage Helicoverpa armigera, principal ravageur de cotonnier dans le nord B\u00e9nin. Cette th\u00e8se visait \u00e0 analyser l\u2019influence des pratiques agricoles et de l\u2019organisation du paysage sur l\u2019abondance et l\u2019origine trophique de H. armigera. L\u2019analyse biochimique d\u2019individus \u00e9lev\u00e9s en laboratoire, nous a permis de confirmer le fait que le gossypol est un bon marqueur pour identifier les adultes qui ont pass\u00e9 leur vie larvaire sur le cotonnier. Au contraire de la tomatine qui ne peut \u00eatre consid\u00e9r\u00e9e comme un marqueur de la tomate car la tomatine a \u00e9t\u00e9 d\u00e9tect\u00e9e seulement chez les larves d\u2019H. armigera et non chez les adultes. Notre \u00e9tude sur le terrain au nord B\u00e9nin dans 40 parcelles, a montr\u00e9 que les pratiques agricoles avaient un fort effet sur l\u2019infestation larvaire. La date de semis et la fr\u00e9quence de sarclage \u00e9taient n\u00e9gativement corr\u00e9l\u00e9es \u00e0 l\u2019infestation larvaire. La proportion de cotonniers dans le paysage et celle de tomate ont influenc\u00e9 positivement l\u2019infestation en larves d\u2019H. armigera. Nous avons \u00e9galement montr\u00e9 qu\u2019un pr\u00e9c\u00e9dent cultural tomate pr\u00e9sentait une abondance larvaire en moyenne trois fois sup\u00e9rieur \u00e0 un pr\u00e9c\u00e9dent cultural ma\u00efs. Ensuite, dans des rayons de 100 m, 250 m et 500 m, nous avons \u00e9tudi\u00e9 les effets de la composition et de l\u2019h\u00e9t\u00e9rog\u00e9n\u00e9it\u00e9 du paysage d\u2019une part sur l\u2019abondance des adultes d\u2019H. armigera et d\u2019autre part sur leur origine trophique. L\u2019h\u00e9t\u00e9rog\u00e9n\u00e9it\u00e9 du paysage en plantes h\u00f4tes est le facteur paysager principal qui a influenc\u00e9 positivement l\u2019abondance des adultes. Les isotopes stables de Carbone nous ont permis d\u2019identifier les individus dont la larve s\u2019\u00e9tait nourrie sur des plantes de type photosynth\u00e9tique C3 (cotonniers, tomates, &#8230;) ou C4 (ma\u00efs, sorgho, \u2026). L\u2019origine trophique, plantes h\u00f4tes C3 ou C4, est reli\u00e9e positivement \u00e0 la proportion de plantes h\u00f4tes respectivement C3 ou C4 dans un rayon de 500m. Seulement 10% des individus ayant consomm\u00e9s des plantes en C3 ont \u00e9t\u00e9 d\u00e9tect\u00e9 positif au gossypol. La proportion de cotonniers dans le paysage ne semble pas expliquer la proportion d\u2019individus d\u00e9tect\u00e9s positif au gossypol. Nous formulons des propositions de gestion de l\u2019assolement et des rotations culturales pour contribuer \u00e0 la r\u00e9gulation d\u2019H. armigera. Ainsi, il faudrait \u00e9viter que le cotonnier soit sem\u00e9 sur un pr\u00e9c\u00e9dent cultural tomate. Il serait important de d\u00e9caler les dates de semis entre les parcelles de cotonniers voisines et de respecter la fr\u00e9quence de sarclage minimale qui est de trois. Par ailleurs, il serait judicieux de pr\u00e9f\u00e9rer un environnement paysager homog\u00e8ne autour d\u2019une parcelle de cotonnier, en privil\u00e9giant par exemple, le ma\u00efs.<\/p>\n\n\n\n<p><a href=\"https:\/\/oatao.univ-toulouse.fr\/12122\/\">https:\/\/oatao.univ-toulouse.fr\/12122\/<\/a><\/p>\n\n\n\n<p><\/p>\n","protected":false},"excerpt":{"rendered":"<p>Mettre en place des strat\u00e9gies de lutte contre les ravageurs, ind\u00e9pendantes des produits chimiques est un objectif fondamental pour une protection durable des cultures contre &hellip;<\/p>\n","protected":false},"author":1,"featured_media":0,"parent":0,"menu_order":0,"comment_status":"closed","ping_status":"closed","template":"","meta":[],"_links":{"self":[{"href":"https:\/\/ntsafack.com\/index.php\/wp-json\/wp\/v2\/pages\/221"}],"collection":[{"href":"https:\/\/ntsafack.com\/index.php\/wp-json\/wp\/v2\/pages"}],"about":[{"href":"https:\/\/ntsafack.com\/index.php\/wp-json\/wp\/v2\/types\/page"}],"author":[{"embeddable":true,"href":"https:\/\/ntsafack.com\/index.php\/wp-json\/wp\/v2\/users\/1"}],"replies":[{"embeddable":true,"href":"https:\/\/ntsafack.com\/index.php\/wp-json\/wp\/v2\/comments?post=221"}],"version-history":[{"count":1,"href":"https:\/\/ntsafack.com\/index.php\/wp-json\/wp\/v2\/pages\/221\/revisions"}],"predecessor-version":[{"id":222,"href":"https:\/\/ntsafack.com\/index.php\/wp-json\/wp\/v2\/pages\/221\/revisions\/222"}],"wp:attachment":[{"href":"https:\/\/ntsafack.com\/index.php\/wp-json\/wp\/v2\/media?parent=221"}],"curies":[{"name":"wp","href":"https:\/\/api.w.org\/{rel}","templated":true}]}}