{"id":276,"date":"2021-07-09T13:34:58","date_gmt":"2021-07-09T11:34:58","guid":{"rendered":"https:\/\/ntsafack.com\/?page_id=276"},"modified":"2021-07-09T14:11:51","modified_gmt":"2021-07-09T12:11:51","slug":"community-ecology-in-forests-of-the-archipelago-of-the-azores","status":"publish","type":"page","link":"https:\/\/ntsafack.com\/index.php\/community-ecology-in-forests-of-the-archipelago-of-the-azores\/","title":{"rendered":"Community ecology in natural forests of the Azorean  archipelago"},"content":{"rendered":"\n<p>Voic quelques questions que je d\u00e9veloppe en ce moment et qui font l&#8217;objet d&#8217;une \u00e9tude en cours de publication :<\/p>\n\n\n\n<ul><li>Comment sont structur\u00e9es les communaut\u00e9s d&#8217;arthropodes en fonction de leur status biog\u00e9ographique (end\u00e9miques, native non-end\u00e9miques et introduites)?<\/li><li>Comment sont distribu\u00e9es les communaut\u00e9s d&#8217;arthropodes dans les differents types de forets de l&#8217;ile de Terceira?<\/li><\/ul>\n","protected":false},"excerpt":{"rendered":"<p>Voic quelques questions que je d\u00e9veloppe en ce moment et qui font l&#8217;objet d&#8217;une \u00e9tude en cours de publication : Comment sont structur\u00e9es les communaut\u00e9s &hellip;<\/p>\n","protected":false},"author":1,"featured_media":0,"parent":0,"menu_order":0,"comment_status":"closed","ping_status":"closed","template":"","meta":[],"_links":{"self":[{"href":"https:\/\/ntsafack.com\/index.php\/wp-json\/wp\/v2\/pages\/276"}],"collection":[{"href":"https:\/\/ntsafack.com\/index.php\/wp-json\/wp\/v2\/pages"}],"about":[{"href":"https:\/\/ntsafack.com\/index.php\/wp-json\/wp\/v2\/types\/page"}],"author":[{"embeddable":true,"href":"https:\/\/ntsafack.com\/index.php\/wp-json\/wp\/v2\/users\/1"}],"replies":[{"embeddable":true,"href":"https:\/\/ntsafack.com\/index.php\/wp-json\/wp\/v2\/comments?post=276"}],"version-history":[{"count":8,"href":"https:\/\/ntsafack.com\/index.php\/wp-json\/wp\/v2\/pages\/276\/revisions"}],"predecessor-version":[{"id":288,"href":"https:\/\/ntsafack.com\/index.php\/wp-json\/wp\/v2\/pages\/276\/revisions\/288"}],"wp:attachment":[{"href":"https:\/\/ntsafack.com\/index.php\/wp-json\/wp\/v2\/media?parent=276"}],"curies":[{"name":"wp","href":"https:\/\/api.w.org\/{rel}","templated":true}]}}