{"id":304,"date":"2021-09-13T12:35:48","date_gmt":"2021-09-13T10:35:48","guid":{"rendered":"https:\/\/ntsafack.com\/?page_id=304"},"modified":"2021-09-23T10:02:52","modified_gmt":"2021-09-23T08:02:52","slug":"code-scripts-for-ecological-data-analysis","status":"publish","type":"page","link":"https:\/\/ntsafack.com\/index.php\/code-scripts-for-ecological-data-analysis\/","title":{"rendered":"Code scripts R"},"content":{"rendered":"\n<p>Ecological data analysis<\/p>\n\n\n\n<p>Construire les scripts pour les analyses de donn\u00e9es prend toujours beaucoup de temps. Je les conserve sur ma page github.<\/p>\n\n\n\n<p>Calcul des nombres de Hill (Hill&#8217;s number) qui d\u00e9crivent la diversit\u00e9 dans une communaut\u00e9. J&#8217;ai fait ce calcul en appui au projet PASTURCLIM. Lien vers <a href=\"https:\/\/github.com\/noetsa\/R_Scripts\/blob\/main\/Hills%20number%20for%20Pasturclim%20data\" data-type=\"URL\" data-id=\"https:\/\/github.com\/noetsa\/R_Scripts\/blob\/main\/Hills%20number%20for%20Pasturclim%20data\">le script<\/a>:<\/p>\n\n\n\n<div class=\"wp-block-image\"><figure class=\"aligncenter size-large is-resized\"><img loading=\"lazy\" src=\"https:\/\/ntsafack.com\/wp-content\/uploads\/2021\/09\/Araneae_FBSummer.png\" alt=\"\" class=\"wp-image-309\" width=\"300\" height=\"400\" srcset=\"https:\/\/ntsafack.com\/wp-content\/uploads\/2021\/09\/Araneae_FBSummer.png 300w, https:\/\/ntsafack.com\/wp-content\/uploads\/2021\/09\/Araneae_FBSummer-225x300.png 225w\" sizes=\"(max-width: 300px) 100vw, 300px\" \/><\/figure><\/div>\n\n\n\n<div class=\"wp-block-image\"><figure class=\"aligncenter size-large is-resized\"><img loading=\"lazy\" src=\"https:\/\/ntsafack.com\/wp-content\/uploads\/2021\/09\/AllSpecies_FBSummer.png\" alt=\"\" class=\"wp-image-310\" width=\"300\" height=\"400\" srcset=\"https:\/\/ntsafack.com\/wp-content\/uploads\/2021\/09\/AllSpecies_FBSummer.png 300w, https:\/\/ntsafack.com\/wp-content\/uploads\/2021\/09\/AllSpecies_FBSummer-225x300.png 225w\" sizes=\"(max-width: 300px) 100vw, 300px\" \/><\/figure><\/div>\n\n\n\n<p><\/p>\n","protected":false},"excerpt":{"rendered":"<p>Ecological data analysis Construire les scripts pour les analyses de donn\u00e9es prend toujours beaucoup de temps. Je les conserve sur ma page github. Calcul des &hellip;<\/p>\n","protected":false},"author":1,"featured_media":0,"parent":0,"menu_order":0,"comment_status":"closed","ping_status":"closed","template":"","meta":[],"_links":{"self":[{"href":"https:\/\/ntsafack.com\/index.php\/wp-json\/wp\/v2\/pages\/304"}],"collection":[{"href":"https:\/\/ntsafack.com\/index.php\/wp-json\/wp\/v2\/pages"}],"about":[{"href":"https:\/\/ntsafack.com\/index.php\/wp-json\/wp\/v2\/types\/page"}],"author":[{"embeddable":true,"href":"https:\/\/ntsafack.com\/index.php\/wp-json\/wp\/v2\/users\/1"}],"replies":[{"embeddable":true,"href":"https:\/\/ntsafack.com\/index.php\/wp-json\/wp\/v2\/comments?post=304"}],"version-history":[{"count":5,"href":"https:\/\/ntsafack.com\/index.php\/wp-json\/wp\/v2\/pages\/304\/revisions"}],"predecessor-version":[{"id":338,"href":"https:\/\/ntsafack.com\/index.php\/wp-json\/wp\/v2\/pages\/304\/revisions\/338"}],"wp:attachment":[{"href":"https:\/\/ntsafack.com\/index.php\/wp-json\/wp\/v2\/media?parent=304"}],"curies":[{"name":"wp","href":"https:\/\/api.w.org\/{rel}","templated":true}]}}