{"id":341,"date":"2021-11-24T18:38:58","date_gmt":"2021-11-24T17:38:58","guid":{"rendered":"https:\/\/ntsafack.com\/?page_id=341"},"modified":"2021-11-24T18:38:58","modified_gmt":"2021-11-24T17:38:58","slug":"proposition-de-projet-denseignement-pour-oral-mcf-a-toulouse","status":"publish","type":"page","link":"https:\/\/ntsafack.com\/index.php\/proposition-de-projet-denseignement-pour-oral-mcf-a-toulouse\/","title":{"rendered":"Proposition de projet d&#8217;enseignement pour oral MCF \u00e0 Toulouse"},"content":{"rendered":"\n<p>Voici la pr\u00e9sentation et le syllabus pour un projet d&#8217;enseignement demand\u00e9 dans le cadre d&#8217;un poste de MCF \u00e0 l&#8217;ENSAT (\u00e9cole d&#8217;ing\u00e9nieurs en agronomie \u00e0 Toulouse.)<\/p>\n\n\n\n<p><em>Comment envisageriez-vous un nouvel enseignement relatif \u00e0 la protection des cultures dans un contexte d\u2019agro\u00e9cologie, tant sur le plan conceptuel qu&#8217;organisationnel. Cet enseignement, pr\u00e9vu pour un volume de 60h eq TD, serait dispens\u00e9 sur la 3\u00e8me ann\u00e9e du cursus ing\u00e9nieur. Dur\u00e9e maximum : 10 mn.<\/em><\/p>\n\n\n\n<h3>Pr\u00e9sentation<\/h3>\n\n\n<a href=\"https:\/\/ntsafack.com\/wp-content\/uploads\/2021\/11\/pres81-12-17-1.pdf\" class=\"pdfemb-viewer\" style=\"\" data-width=\"max\" data-height=\"max\"  data-toolbar=\"bottom\" data-toolbar-fixed=\"off\">pres81-12-17-1<br\/><\/a>\n<p class=\"wp-block-pdfemb-pdf-embedder-viewer\"><\/p>\n\n\n\n<h3>Syllabus<\/h3>\n\n\n<a href=\"https:\/\/ntsafack.com\/wp-content\/uploads\/2021\/11\/syllabus.pdf\" class=\"pdfemb-viewer\" style=\"\" data-width=\"max\" data-height=\"max\"  data-toolbar=\"bottom\" data-toolbar-fixed=\"off\">syllabus<br\/><\/a>\n<p class=\"wp-block-pdfemb-pdf-embedder-viewer\"><\/p>\n","protected":false},"excerpt":{"rendered":"<p>Voici la pr\u00e9sentation et le syllabus pour un projet d&#8217;enseignement demand\u00e9 dans le cadre d&#8217;un poste de MCF \u00e0 l&#8217;ENSAT (\u00e9cole d&#8217;ing\u00e9nieurs en agronomie \u00e0 &hellip;<\/p>\n","protected":false},"author":1,"featured_media":0,"parent":0,"menu_order":0,"comment_status":"closed","ping_status":"closed","template":"","meta":[],"_links":{"self":[{"href":"https:\/\/ntsafack.com\/index.php\/wp-json\/wp\/v2\/pages\/341"}],"collection":[{"href":"https:\/\/ntsafack.com\/index.php\/wp-json\/wp\/v2\/pages"}],"about":[{"href":"https:\/\/ntsafack.com\/index.php\/wp-json\/wp\/v2\/types\/page"}],"author":[{"embeddable":true,"href":"https:\/\/ntsafack.com\/index.php\/wp-json\/wp\/v2\/users\/1"}],"replies":[{"embeddable":true,"href":"https:\/\/ntsafack.com\/index.php\/wp-json\/wp\/v2\/comments?post=341"}],"version-history":[{"count":2,"href":"https:\/\/ntsafack.com\/index.php\/wp-json\/wp\/v2\/pages\/341\/revisions"}],"predecessor-version":[{"id":346,"href":"https:\/\/ntsafack.com\/index.php\/wp-json\/wp\/v2\/pages\/341\/revisions\/346"}],"wp:attachment":[{"href":"https:\/\/ntsafack.com\/index.php\/wp-json\/wp\/v2\/media?parent=341"}],"curies":[{"name":"wp","href":"https:\/\/api.w.org\/{rel}","templated":true}]}}