{"id":59,"date":"2021-06-13T17:50:51","date_gmt":"2021-06-13T15:50:51","guid":{"rendered":"http:\/\/ntsafack.com\/?page_id=59"},"modified":"2021-09-04T19:04:47","modified_gmt":"2021-09-04T17:04:47","slug":"bienvenue-sur-mon-blog","status":"publish","type":"page","link":"https:\/\/ntsafack.com\/","title":{"rendered":"Bienvenue sur mon blog"},"content":{"rendered":"\n<p><\/p>\n\n\n\n<p>Bienvenue sur mon blog qui pr\u00e9sente mes travaux de recherche pass\u00e9s et en cours.<\/p>\n\n\n\n<p>Mon travail concerne le fonctionnement des \u00e9cosyst\u00e8mes. Je m\u2019int\u00e9resse aux interactions entre les processus \u00e9cologiques et l\u2019organisation spatiale des \u00e9l\u00e9ments qui composent l\u2019\u00e9cosyst\u00e8me. <\/p>\n\n\n\n<p>Mon travail s\u2019int\u00e8gre ainsi dans le champ de l\u2019\u00e9cologie du paysage. &nbsp;<\/p>\n\n\n\n<p>Pendant ma th\u00e8se (2010-2014), j\u2019ai \u00e9tudi\u00e9 les patrons paysagers qui d\u00e9terminent l\u2019abondance du ravageur de coton <em>Helicoverpa armigera <\/em>dans les parcelles de cotonniers dans le Nord Benin.&nbsp;&nbsp;<\/p>\n\n\n\n<p>Dans le cadre d\u2019un ATER (2016-2017), j\u2019ai \u00e9tudi\u00e9 l\u2019influence des haies sur la structure des communaut\u00e9s de carabes dans des paysages agricoles du Nord de la France. &nbsp;<\/p>\n\n\n\n<p>Dans le cadre d\u2019un post-doctorat (2018-2020), j\u2019ai \u00e9tudi\u00e9 la structuration et les patrons spatiaux et locaux des communaut\u00e9s de col\u00e9opt\u00e8res dans les \u00e9cosyst\u00e8mes de steppes du Nord de la Chine.&nbsp;<\/p>\n\n\n\n<p>En ce moment,  je travaille \u00e0 l\u2019universit\u00e9 des A\u00e7ores, dans un projet de conservation d&#8217;esp\u00e8ces de carabes menac\u00e9es (<a href=\"https:\/\/ec.europa.eu\/environment\/life\/project\/Projects\/index.cfm?fuseaction=search.dspPage&amp;n_proj_id=7262\">Life Beetles<\/a>) dans le complexe insulaire des A\u00e7ores.<br>Je vais chercher \u00e0 comprendre la structure des communaut\u00e9s des arthropodes dans les syst\u00e8mes forestiers; D\u00e9terminer si les patterns varient suivant les mesures de gestion des zones prot\u00e9g\u00e9es. Je m\u2019int\u00e9resserai particuli\u00e8rement aux esp\u00e8ces end\u00e9miques, les plus menac\u00e9es. L\u2019objectif \u00e0 terme est d\u2019optimiser les strat\u00e9gies de conservation des esp\u00e8ces menac\u00e9es dans un premier temps puis d\u2019\u00e9tendre ces mesures aux autres esp\u00e8ces.<\/p>\n","protected":false},"excerpt":{"rendered":"<p>Bienvenue sur mon blog qui pr\u00e9sente mes travaux de recherche pass\u00e9s et en cours. Mon travail concerne le fonctionnement des \u00e9cosyst\u00e8mes. Je m\u2019int\u00e9resse aux interactions &hellip;<\/p>\n","protected":false},"author":1,"featured_media":0,"parent":0,"menu_order":0,"comment_status":"closed","ping_status":"closed","template":"","meta":[],"_links":{"self":[{"href":"https:\/\/ntsafack.com\/index.php\/wp-json\/wp\/v2\/pages\/59"}],"collection":[{"href":"https:\/\/ntsafack.com\/index.php\/wp-json\/wp\/v2\/pages"}],"about":[{"href":"https:\/\/ntsafack.com\/index.php\/wp-json\/wp\/v2\/types\/page"}],"author":[{"embeddable":true,"href":"https:\/\/ntsafack.com\/index.php\/wp-json\/wp\/v2\/users\/1"}],"replies":[{"embeddable":true,"href":"https:\/\/ntsafack.com\/index.php\/wp-json\/wp\/v2\/comments?post=59"}],"version-history":[{"count":4,"href":"https:\/\/ntsafack.com\/index.php\/wp-json\/wp\/v2\/pages\/59\/revisions"}],"predecessor-version":[{"id":302,"href":"https:\/\/ntsafack.com\/index.php\/wp-json\/wp\/v2\/pages\/59\/revisions\/302"}],"wp:attachment":[{"href":"https:\/\/ntsafack.com\/index.php\/wp-json\/wp\/v2\/media?parent=59"}],"curies":[{"name":"wp","href":"https:\/\/api.w.org\/{rel}","templated":true}]}}