{"id":90,"date":"2021-06-14T10:58:24","date_gmt":"2021-06-14T08:58:24","guid":{"rendered":"http:\/\/ntsafack.com\/?page_id=90"},"modified":"2021-09-18T23:24:10","modified_gmt":"2021-09-18T21:24:10","slug":"publications","status":"publish","type":"page","link":"https:\/\/ntsafack.com\/index.php\/publications\/","title":{"rendered":"Publications"},"content":{"rendered":"\n<figure class=\"wp-block-table is-style-stripes\"><table><tbody><tr><td>14<\/td><td><strong>Tsafack N<\/strong>, Fattorini S, Boieiro M, Rigal F, Ros-Prieto, Ferreira MT &amp; Borges PAV.<br>The role of small lowland patches of exotic forests as refuges of rare endemic Azorean arthropods. Diversity, 13 (9), 443, 2021.<br><a href=\"https:\/\/www.mdpi.com\/1424-2818\/13\/9\/443\"><em>https:\/\/doi.org\/10.3390\/d13090443<\/em><\/a><\/td><\/tr><tr><td>13<\/td><td>Mantoni C, <strong>Tsafack N<\/strong>, Palusci, E, Di Pietro S &amp; Fattorini S. <br><a href=\"https:\/\/ntsafack.com\/index.php\/diversity-patterns-of-dung-beetles-along-a-mediterranean-elevational-gradient\/\" data-type=\"URL\" data-id=\"https:\/\/ntsafack.com\/index.php\/diversity-patterns-of-dung-beetles-along-a-mediterranean-elevational-gradient\/\">Diversity patterns of Dung beetles along a Mediterranean elevational gradient.<\/a> Insects, 12, 781, 2021.<br><a href=\"https:\/\/www.blogger.com\/#\"><em>https:\/\/doi.org\/10.3390\/insects12090781<\/em><\/a><\/td><\/tr><tr><td>12<\/td><td><strong>Tsafack N<\/strong>, Xie Y, Wang X &amp; Fattorini S. <br><a href=\"http:\/\/ntsafack.com\/index.php\/niche-overlap-and-species-co-occurrence-patterns-in-carabid-communities-of-the-northern-chinese-steppes\/\" data-type=\"page\" data-id=\"252\">Niche overlap and species co-occurrence patterns in carabid communities of northern Chinese steppes.<\/a> ZooKeys 2021. <a rel=\"noreferrer noopener\" href=\"https:\/\/doi.org\/10.3897\/zookeys.1044.62478\" target=\"_blank\">https:\/\/doi.org\/10.3897\/zookeys.1044.62478<\/a>. IF=1.55<\/td><\/tr><tr><td>11<\/td><td><strong>Tsafack N<\/strong>, Borges PAV, Xie Y, Wang X &amp; Fattorini S. <br><a href=\"http:\/\/ntsafack.com\/index.php\/emergent-rarity-properties-in-carabid-communities-from-chinese-steppes-with-different-climatic-conditions\/\" data-type=\"page\" data-id=\"246\">Emergent rarity properties in carabid communities from Chinese steppes with different climatic conditions.<\/a> Frontiers in Ecology and Evolution 2021. <a rel=\"noreferrer noopener\" href=\"https:\/\/doi.org\/10.3389\/fevo.2021.603436\" target=\"_blank\">https:\/\/doi.org\/10.3389\/fevo.2021.603436<\/a> IF=4.17<\/td><\/tr><tr><td>10<\/td><td><strong>Tsafack N<\/strong>, Fattorini S, Benavides Frias C, Xie Y, Wang X &amp; Rebaudo F. <br><a href=\"http:\/\/ntsafack.com\/index.php\/competing-vegetation-structure-indices-for-estimating-spatial-constrains-in-carabid-abundance-patterns-in-chinese-grasslands-reveal-complex-scale-and-habitat-patterns\/\" data-type=\"page\" data-id=\"244\">Competing vegetation structure indices for estimating spatial constrains in carabid abundance patterns in Chinese grasslands reveal complex scale and habitat patterns.<\/a> Insects 11, 249. 2020. <a rel=\"noreferrer noopener\" href=\"https:\/\/doi.org\/10.3390\/insects11040249\" target=\"_blank\">https:\/\/doi.org\/10.3390\/insects11040249<\/a> IF=2.77<\/td><\/tr><tr><td>9<\/td><td><strong>Tsafack N<\/strong>, Xie Y, Wang X &amp; Fattorini S. <br><a href=\"http:\/\/ntsafack.com\/index.php\/influence-of-climate-and-local-habitat-characteristics-on-carabid-beetle-abundance-and-diversity-in-northern-chinese-steppes\/\" data-type=\"page\" data-id=\"242\">Influence of climate and local habitat characteristics on carabid beetle abundance and diversity in Northern Chinese steppes.<\/a> Insects 11, 19. 2020. <a rel=\"noreferrer noopener\" href=\"https:\/\/doi.org\/10.3390\/insects11010019\" target=\"_blank\">https:\/\/doi.org\/10.3390\/insects11010019<\/a> IF=2.77<\/td><\/tr><tr><td>8<\/td><td><strong>Tsafack N<\/strong>, Di Biase L, Xie Y, Wang X &amp; Fattorini S. <br><a href=\"http:\/\/ntsafack.com\/index.php\/carabid-community-stability-is-enhanced-by-carabid-diversity-but-reduced-by-aridity-in-chinese-steppes\/\" data-type=\"page\" data-id=\"237\">Carabid community stability is enhanced by diversity but reduced by aridity in Chinese steppes.<\/a> Acta Oecologica. 2019. <a rel=\"noreferrer noopener\" href=\"https:\/\/doi.org\/10.1016\/j.actao.2019.103450\" target=\"_blank\">https:\/\/doi.org\/10.1016\/j.actao.2019.103450<\/a> IF=1.67<\/td><\/tr><tr><td>7<\/td><td><strong>Tsafack N<\/strong>, Rebaudo F, Wang H, Nagy DD, Xie Y, Wang X &amp; Fattorini S. <br><a href=\"http:\/\/ntsafack.com\/index.php\/carabid-community-structure-in-northern-china-grassland-ecosystems-effects-of-local-habitat-on-species-richness-species-composition-and-functional-diversity\/\" data-type=\"page\" data-id=\"235\">Carabid community structure in northern China grassland ecosystems: Effects of local habitat on species richness, species composition and functional diversity. <\/a>PeerJ 6:e6197 2019. <a rel=\"noreferrer noopener\" href=\"https:\/\/doi.org\/10.7717\/peerj.6197\" target=\"_blank\">https:\/\/doi.org\/10.7717\/peerj.6197<\/a> IF=2.98<\/td><\/tr><tr><td>6<\/td><td>Karp DS, (&#8230;), <strong>Tsafack N<\/strong> &amp; al. <br><a href=\"http:\/\/ntsafack.com\/index.php\/crop-pests-and-predators-exhibit-inconsistent-responses-to-surrounding-landscape-composition\/\" data-type=\"page\" data-id=\"233\">Crop pests and predators exhibit inconsistent responses to surrounding landscape composition.<\/a> PNAS 2018. <a rel=\"noreferrer noopener\" href=\"https:\/\/doi.org\/10.1073\/pnas.1800042115\" target=\"_blank\">https:\/\/doi.org\/10.1073\/pnas.1800042115<\/a> IF=9.41<\/td><\/tr><tr><td>5<\/td><td>Vialatte A, <strong>Tsafack N<\/strong>, Hassan DA, Duflot R, Plantegenest M, Ouin A, Villenave-Chasset J &amp; Ernoult A. <br><a href=\"http:\/\/ntsafack.com\/index.php\/landscape-potential-for-pollen-provisioning-for-beneficial-insects-favours-biological-control-in-crop-fields\/\" data-type=\"page\" data-id=\"231\">Landscape potential for pollen provisioning for beneficial insects favours biological control in crop fields.<\/a> Landscape Ecology 32 : 465-480. 2017. <a rel=\"noreferrer noopener\" href=\"https:\/\/doi.org\/10.1007\/s10980-016-0481-8\" target=\"_blank\">https:\/\/doi.org\/10.1007\/s10980-016-0481-8<\/a> IF=3.39<\/td><\/tr><tr><td>4<\/td><td><strong>Tsafack N<\/strong>, Alignier A, Head GP, Kim JH, Goulard M, Menozzi P &amp; Ouin A. <br><a href=\"http:\/\/ntsafack.com\/index.php\/landscape-effects-on-the-abundance-and-larval-diet-of-the-polyphagous-pest-helicoverpa-armigera-in-cotton-fields-in-north-benin\/\" data-type=\"page\" data-id=\"229\">Landscape effects on the abundance and larval diet of the polyphagous pest Helicoverpa armigera in cotton fields in North Benin.<\/a> Pest Management Science, 72 : 1613\u20131626. 2016. <a rel=\"noreferrer noopener\" href=\"https:\/\/doi.org\/10.1002\/ps.4197\" target=\"_blank\">https:\/\/doi.org\/10.1002\/ps.4197<\/a> IF=4.85<\/td><\/tr><tr><td>3<\/td><td>Bardon C, Piola F, Bellvert F, Haichar FEZ, Comte G, Meiffren G, Pommier T, Puijalon S, <strong>Tsafack N<\/strong> &amp; Poly F. <br><a href=\"http:\/\/ntsafack.com\/index.php\/evidence-for-biological-denitrification-inhibition-bdi-by-plant-secondary-metabolites\/\" data-type=\"page\" data-id=\"227\">Evidence for biological denitrification inhibition (BDI) by plant secondary metabolites.<\/a> New Phytologist. 204: 620-630. 2014. <a rel=\"noreferrer noopener\" href=\"https:\/\/doi.org\/10.1111\/nph.12944\" target=\"_blank\">https:\/\/doi.org\/10.1111\/nph.12944<\/a> IF=8.51<\/td><\/tr><tr><td>2<\/td><td><strong>Tsafack N<\/strong>, Menozzi P, Brevault T, Soti V, Deconchat M &amp; Ouin A. <br><a href=\"http:\/\/ntsafack.com\/index.php\/effects-of-landscape-context-and-agricultural-practices-on-the-abundance-of-cotton-bollworm-helicoverpa-armigera-in-cotton-fields-a-case-study-in-northern-benin\/\" data-type=\"page\" data-id=\"225\">Effects of landscape context and agricultural practices on the abundance of cotton bollworm Helicoverpa armigera in cotton fields : A case study in northern Benin.<\/a> International Journal of Pest Management, 59 (4): 294-302. 2013. <a rel=\"noreferrer noopener\" href=\"http:\/\/dx.doi.org\/10.1080\/09670874.2013.852270\" target=\"_blank\">http:\/\/dx.doi.org\/10.1080\/09670874.2013.852270<\/a> IF=1.09<\/td><\/tr><tr><td>1<\/td><td>Ouin A, Menozzi P, Coulon M, Hamilton AJ, Sarthou JP, <strong>Tsafack N<\/strong>, Vialatte A &amp; Ponsard S. <br><a href=\"http:\/\/ntsafack.com\/index.php\/can-deuterium-stable-isotope-values-be-used-to-assign-the-geographic-origin-of-an-auxiliary-hoverfly-in-south-western-france\/\" data-type=\"page\" data-id=\"223\">Can deuterium stable isotope values be used to assign the geographic origin of an auxiliary hoverfly in south-western France ? <\/a>Rapid communications in mass spectrometry, 25 (19) : 2793-2798. 2011. <a rel=\"noreferrer noopener\" href=\"https:\/\/doi.org\/10.1002\/rcm.5127\" target=\"_blank\">https:\/\/doi.org\/10.1002\/rcm.5127<\/a> IF=2.23<\/td><\/tr><\/tbody><\/table><\/figure>\n\n\n\n<h2>Colloques<\/h2>\n\n\n\n<figure class=\"wp-block-table is-style-stripes\"><table><tbody><tr><td><strong>Tsafack N,&nbsp;<\/strong>Rebaudo F, Wang H, Xie Y, Wang X&nbsp;&amp; Fattorini S. Carabid community in northern China grassland ecosystems \u2013 Does local habitat matter? International Symposium of Alfalfa Pest Monitoring and Integrated Pest Management. 10-14th September 2018 Yinchuan, Ningxia, China. Communication orale.<\/td><\/tr><tr><td><strong>Tsafack N<\/strong>, Rebaudo F, Wang H, Xie Y, Wang X &amp; Fattorini S. Carabid community in northern China grassland ecosystems \u2013 Does local habitat matter? 13th China National Conference for Biodiversity and Conservation. 14-17 August 2018 Hohhot, Inner Mongolia, China. Communication orale.<\/td><\/tr><tr><td><strong>Tsafack N<\/strong>, Lenoir J, Martin L, Gallet-Moron E, Decocq G, Closset Kopp D &amp; Le Roux V. D\u00e9terminants paysagers et locaux de l\u2019activit\u00e9-densit\u00e9 et de la richesse sp\u00e9cifique des carabes dans des paysages agricoles du Nord de la France. Petit Pois D\u00e9rid\u00e9, 6-9 Juin 2017, Paris-Saclay, Communication orale.<\/td><\/tr><tr><td><strong>Tsafack N<\/strong>, Alignier A, Goulard M, Menozzi P &amp; Ouin A. Is there a landscape effect on the abundance and trophic origin of Helicoverpa armigera moths in cotton fields? A case study in Benin.&nbsp; ESA. 10-13 Nov 2013, Austin, TX USA. Communication orale.<\/td><\/tr><tr><td><strong>Tsafack N<\/strong>, Menozzi P, Brevault T, Soti V, Deconchat M &amp; Ouin A. Relative importance of landscapes contexts and agricultural practices to explain the abundance of Helicoverpa armigera larvae in cotton fields. ESA, 10-13 Nov 2013, Austin, TX USA. Poster.<\/td><\/tr><tr><td><strong>Tsafack N<\/strong>, Menozzi P, Brevault T, Deconchat M &amp; Ouin A. Is there a landscape effect on moth pest (Helicoverpa armigera) abundance and infestation rate in cotton fields in North Benin? OIBC. 07-10 May 2012, Lleida, Spain. Communication orale.<\/td><\/tr><\/tbody><\/table><\/figure>\n\n\n\n<h2>Th\u00e8se<\/h2>\n\n\n\n<figure class=\"wp-block-table\"><table><tbody><tr><td><strong>Tsafack, N.<\/strong>&nbsp;<a href=\"http:\/\/ntsafack.com\/index.php\/abondance-et-origine-trophique-de-la-noctuelle-de-la-tomate-helicoverpa-armigera-dans-les-paysages-ruraux-de-production-cotonniere-au-nord-benin-phd-thesis\/\" data-type=\"page\" data-id=\"221\">Abundance and trophic origin of the Cotton Bollworm (Helicoverpa armigera) in cotton producing farmland of North Benin .<\/a> Thesis INP&nbsp;<strong>2014<\/strong>,&nbsp;<a href=\"http:\/\/ethesis.inp-toulouse.fr\/archive\/00002773\/01\/Tsafack_Menessong.pdf\">http:\/\/ethesis.inp-toulouse.fr\/archive\/00002773\/01\/<\/a><a rel=\"noreferrer noopener\" href=\"http:\/\/ethesis.inp-toulouse.fr\/archive\/00002773\/01\/Tsafack_Menessong.pdf\" target=\"_blank\">Tsafack_Menessong<\/a><a href=\"http:\/\/ethesis.inp-toulouse.fr\/archive\/00002773\/01\/Tsafack_Menessong.pdf\">.pdf<\/a><\/td><\/tr><\/tbody><\/table><\/figure>\n\n\n\n<p><\/p>\n","protected":false},"excerpt":{"rendered":"<p>14 Tsafack N, Fattorini S, Boieiro M, Rigal F, Ros-Prieto, Ferreira MT &amp; Borges PAV.The role of small lowland patches of exotic forests as refuges &hellip;<\/p>\n","protected":false},"author":1,"featured_media":0,"parent":0,"menu_order":0,"comment_status":"closed","ping_status":"closed","template":"","meta":[],"_links":{"self":[{"href":"https:\/\/ntsafack.com\/index.php\/wp-json\/wp\/v2\/pages\/90"}],"collection":[{"href":"https:\/\/ntsafack.com\/index.php\/wp-json\/wp\/v2\/pages"}],"about":[{"href":"https:\/\/ntsafack.com\/index.php\/wp-json\/wp\/v2\/types\/page"}],"author":[{"embeddable":true,"href":"https:\/\/ntsafack.com\/index.php\/wp-json\/wp\/v2\/users\/1"}],"replies":[{"embeddable":true,"href":"https:\/\/ntsafack.com\/index.php\/wp-json\/wp\/v2\/comments?post=90"}],"version-history":[{"count":19,"href":"https:\/\/ntsafack.com\/index.php\/wp-json\/wp\/v2\/pages\/90\/revisions"}],"predecessor-version":[{"id":335,"href":"https:\/\/ntsafack.com\/index.php\/wp-json\/wp\/v2\/pages\/90\/revisions\/335"}],"wp:attachment":[{"href":"https:\/\/ntsafack.com\/index.php\/wp-json\/wp\/v2\/media?parent=90"}],"curies":[{"name":"wp","href":"https:\/\/api.w.org\/{rel}","templated":true}]}}