{"id":94,"date":"2021-06-14T12:06:09","date_gmt":"2021-06-14T10:06:09","guid":{"rendered":"http:\/\/ntsafack.com\/?page_id=94"},"modified":"2021-06-14T12:06:09","modified_gmt":"2021-06-14T10:06:09","slug":"recherche","status":"publish","type":"page","link":"https:\/\/ntsafack.com\/index.php\/recherche\/","title":{"rendered":"Recherche"},"content":{"rendered":"\n<p><em>Mots cl\u00e9s: Biologie de la conservation, Agro\u00e9cologie, gestion int\u00e9gr\u00e9e des ravageurs, \u00c9cologie du paysage Dynamique spatiale et temporelle des populations d\u2019insectes \u2013 Services \u00e9cosyst\u00e9miques \u2013 Analyse de donn\u00e9es et mod\u00e9lisation.<\/em><br><br>Mon travail concerne le fonctionnement des \u00e9cosyst\u00e8mes. Je m\u2019int\u00e9resse aux interactions entre les processus \u00e9cologiques et l\u2019organisation spatiale des \u00e9l\u00e9ments qui composent l\u2019\u00e9cosyst\u00e8me.<\/p>\n\n\n\n<figure class=\"wp-block-image size-large\"><img loading=\"lazy\" width=\"1024\" height=\"592\" src=\"http:\/\/ntsafack.com\/wp-content\/uploads\/2021\/06\/lieux-de-recherche3-1024x592.png\" alt=\"Lieux de recherche\" class=\"wp-image-95\" srcset=\"https:\/\/ntsafack.com\/wp-content\/uploads\/2021\/06\/lieux-de-recherche3-1024x592.png 1024w, https:\/\/ntsafack.com\/wp-content\/uploads\/2021\/06\/lieux-de-recherche3-300x174.png 300w, https:\/\/ntsafack.com\/wp-content\/uploads\/2021\/06\/lieux-de-recherche3-768x444.png 768w, https:\/\/ntsafack.com\/wp-content\/uploads\/2021\/06\/lieux-de-recherche3-519x300.png 519w, https:\/\/ntsafack.com\/wp-content\/uploads\/2021\/06\/lieux-de-recherche3.png 1438w\" sizes=\"(max-width: 1024px) 100vw, 1024px\" \/><\/figure>\n\n\n\n<h3>Travail Postdoctoral<\/h3>\n\n\n\n<p><strong>\u00c9cosyst\u00e8mes insulaires&nbsp;:&nbsp;<\/strong>Depuis Janvier 2021, dans le cadre d\u2019un postdoctorat je travaille sur les communaut\u00e9s d\u2019arthropodes des for\u00eats du complexe insulaire des A\u00e7ores. Mon travail fait partie du projet europ\u00e9en LIFE BEETLES.<br>Sur un jeu de donn\u00e9es de biodiversit\u00e9 (aussi bien sur la v\u00e9g\u00e9tation que sur l\u2019entomofaune) r\u00e9colt\u00e9 sur deux d\u00e9cennies, je vais chercher \u00e0 comprendre s\u2019il existe des patterns ; si ces patterns varient suivant les niveaux de conservation des zones prot\u00e9g\u00e9es. Je ferai un focus sur les esp\u00e8ces end\u00e9miques, les plus menac\u00e9es. L\u2019objectif \u00e0 terme est d\u2019optimiser les strat\u00e9gies de conservation des esp\u00e8ces menac\u00e9es dans un premier temps puis d\u2019\u00e9tendre ces mesures aux autres esp\u00e8ces suivant leur classement dans la liste rouge de l\u2019IUCN.<br><strong>\u00c9cosyst\u00e8mes arides: les steppes: 2018-2020:&nbsp;<\/strong>Dans le cadre d\u2019un post-doctorat, j\u2019ai \u00e9tudi\u00e9&nbsp;la structuration et les patrons spatiaux et locaux des communaut\u00e9s de col\u00e9opt\u00e8res dans les \u00e9cosyst\u00e8mes de steppes du Nord de la Chine. Je me suis int\u00e9ress\u00e9&nbsp;\u00e0 la diversit\u00e9 des col\u00e9opt\u00e8res en g\u00e9n\u00e9ral et particuli\u00e8rement \u00e0 la diversit\u00e9 au sein de la communaut\u00e9 de carabid\u00e9s et de T\u00e9n\u00e9brionid\u00e9s. Quelques questions auxquelles j\u2019ai r\u00e9pondu : Comment les caract\u00e9ristiques du sol et du couvert v\u00e9g\u00e9tal influencent la structuration des esp\u00e8ces au sein de la communaut\u00e9 de T\u00e9n\u00e9brionid\u00e9s&nbsp;? Comment les communaut\u00e9s&nbsp;r\u00e9pondent aux perturbations d\u2019origine anthropique (perturbations commun\u00e9ment observ\u00e9es dans le Nord de la Chine &#8211; intensit\u00e9 de p\u00e2turage \u2013 cl\u00f4tures \u2013 couverture du sol par les panneaux photovolta\u00efques)&nbsp;?Ce travail a fait l&#8217;objet de&nbsp; 6 publications dont quatre qui sont publi\u00e9es et deux qui sont soumises et en cours de r\u00e9vision.&nbsp;<br><strong>Agrosyst\u00e8mes:&nbsp;<\/strong>Dans le cadre d\u2019un ATER (2017), j\u2019ai \u00e9tudi\u00e9 l\u2019influence des haies sur la structure des communaut\u00e9s de carabes dans des paysages agricoles du Nord de la France. L\u2019\u00e9tude de terrain avait \u00e9t\u00e9 r\u00e9alis\u00e9e en 2013 dans deux paysages contrast\u00e9s&nbsp;: le bocage et le milieu ouvert. Le bocage caract\u00e9ris\u00e9 par de petites parcelles, un r\u00e9seau dense de haies et plusieurs fragments forestiers. Le milieu ouvert est caract\u00e9ris\u00e9 par de grandes parcelles et de rares fragments forestiers. Des carabes ont \u00e9t\u00e9 pi\u00e9g\u00e9s dans les haies de ces deux milieux. Deux questions principales ont guid\u00e9 cette \u00e9tude&nbsp;: (i) A l\u2019\u00e9chelle locale&nbsp;: les caract\u00e9ristiques de la haie affectent \u2013 elles la structure des communaut\u00e9s de carabes&nbsp;? (ii) A l\u2019\u00e9chelle du paysage&nbsp;: les \u00e9l\u00e9ments bois\u00e9s (bois et r\u00e9seau de haie) affectent \u2013 ils la structure des communaut\u00e9s de carabes&nbsp;? Nous avons montr\u00e9 que les r\u00e9ponses des carabes d\u00e9pendaient de leur groupe \u00e9cologique (esp\u00e8ces foresti\u00e8res, de milieu ouvert et esp\u00e8ces ubiquistes). Nous avons observ\u00e9 que les effets locaux \u00e9taient plus importants que les effets \u00e0 l\u2019\u00e9chelle du paysage. La connexion des haies \u00e0 un fragment forestier favorisait particuli\u00e8rement les esp\u00e8ces foresti\u00e8res. Cette \u00e9tude montre que l\u2019importance des haies d\u00e9pend de la pr\u00e9f\u00e9rence d\u2019habitat des esp\u00e8ces. Pour les esp\u00e8ces foresti\u00e8res par exemple, il est important de conserver la continuit\u00e9 entre la haie et la for\u00eat pour continuer de b\u00e9n\u00e9ficier du service de r\u00e9gulation des ravageurs dans les parcelles que peuvent offrir les carabes. Ainsi la gestion des haies devrait \u00eatre pr\u00e9c\u00e9d\u00e9e d\u2019une \u00e9valuation des esp\u00e8ces qui y sont pr\u00e9sentes.<\/p>\n\n\n\n<p><strong>Agrosyst\u00e8mes:&nbsp;<\/strong>Apr\u00e8s ma th\u00e8se, j\u2019ai \u00e9tudi\u00e9 avec Aude Vialatte (Vialatte et al., 2017) l\u2019aspect fonctionnel de la complexit\u00e9 du paysage. Nous avons mesur\u00e9 la capacit\u00e9 du paysage \u00e0 fournir des ressources florales pour un auxiliaire de culture (syrphe) et analys\u00e9 les potentiels effets sur l\u2019abondance d\u2019un ravageur (puceron). Nous avons montr\u00e9 que les paysages \u00e0 fort indices polliniques favorisaient le parasitisme. Cependant, nous avons observ\u00e9 que les paysages \u00e0 fort indices polliniques avaient un effet n\u00e9gatif sur l\u2019abondance des syrphes. Il est alors tr\u00e8s probable que ces paysages favorisent aussi d\u2019autres parasito\u00efdes de pucerons (autres que les syrphes). Cette \u00e9tude est un exemple d\u2019approche multi-taxonomique, elle met en \u00e9vidence la complexit\u00e9 des interactions entre les organismes dans un agrosyst\u00e8me.<\/p>\n\n\n\n<h3>Th\u00e8se : Pratiques agricoles et patrons spatiaux d\u00e9terminants de l\u2019abondance d\u2019Helicoverpa armigera dans les parcelles de cotonniers dans le Nord B\u00e9nin<\/h3>\n\n\n\n<p>Le d\u00e9fi principal des strat\u00e9gies de&nbsp;<strong>lutte agro\u00e9cologique<\/strong>&nbsp;est de concevoir des techniques de lutte \u00e9conomes en pesticides qui favorisent \u00e0 la fois la productivit\u00e9 et la durabilit\u00e9 des agrosyst\u00e8mes. Les \u00e9tudes peuvent se faire \u00e0 l\u2019\u00e9chelle de la parcelle en analysant les effets des pratiques agricoles et\/ou \u00e0 l\u2019\u00e9chelle du paysage en analysant les effets des caract\u00e9ristiques du paysage sur la dynamique des populations des ravageurs. L\u2019objectif principal de ma th\u00e8se \u00e9tait d\u2019analyser les effets des structures paysag\u00e8res sur l\u2019abondance d\u2019H. armigera dans les parcelles de cotonnier dans le Nord B\u00e9nin (Tsafack et al., 2013, 2016).&nbsp;<\/p>\n\n\n\n<h3>D\u00e9but dans la recherche&nbsp;: Mon stage de Master2 entre Ecologie et microbiologie<\/h3>\n\n\n\n<p>Mon travail de recherche en master concernait l\u2019\u00e9tude des interactions entre un complexe d\u2019esp\u00e8ces invasives (la renou\u00e9e asiatique, Fallopia sp) et les bact\u00e9ries d\u00e9nitrifiantes du sol. J\u2019ai exp\u00e9riment\u00e9 en laboratoire les effets des extraits de rhizomes de Fallopia sp sur l\u2019activit\u00e9 biologique des bact\u00e9ries. Les premiers r\u00e9sultats ont montr\u00e9 que Fallopia sp pouvait modifier gr\u00e2ce \u00e0 des m\u00e9tabolites secondaires l\u2019activit\u00e9 des bact\u00e9ries d\u00e9nitrifiantes, ceci expliquerait en partie leur succ\u00e8s invasif au sein de leur communaut\u00e9 v\u00e9g\u00e9tale. Les r\u00e9sultats ont depuis \u00e9t\u00e9 publi\u00e9s dans Bardon et al., 2014.<\/p>\n","protected":false},"excerpt":{"rendered":"<p>Mots cl\u00e9s: Biologie de la conservation, Agro\u00e9cologie, gestion int\u00e9gr\u00e9e des ravageurs, \u00c9cologie du paysage Dynamique spatiale et temporelle des populations d\u2019insectes \u2013 Services \u00e9cosyst\u00e9miques \u2013 &hellip;<\/p>\n","protected":false},"author":1,"featured_media":0,"parent":0,"menu_order":0,"comment_status":"closed","ping_status":"closed","template":"","meta":[],"_links":{"self":[{"href":"https:\/\/ntsafack.com\/index.php\/wp-json\/wp\/v2\/pages\/94"}],"collection":[{"href":"https:\/\/ntsafack.com\/index.php\/wp-json\/wp\/v2\/pages"}],"about":[{"href":"https:\/\/ntsafack.com\/index.php\/wp-json\/wp\/v2\/types\/page"}],"author":[{"embeddable":true,"href":"https:\/\/ntsafack.com\/index.php\/wp-json\/wp\/v2\/users\/1"}],"replies":[{"embeddable":true,"href":"https:\/\/ntsafack.com\/index.php\/wp-json\/wp\/v2\/comments?post=94"}],"version-history":[{"count":2,"href":"https:\/\/ntsafack.com\/index.php\/wp-json\/wp\/v2\/pages\/94\/revisions"}],"predecessor-version":[{"id":97,"href":"https:\/\/ntsafack.com\/index.php\/wp-json\/wp\/v2\/pages\/94\/revisions\/97"}],"wp:attachment":[{"href":"https:\/\/ntsafack.com\/index.php\/wp-json\/wp\/v2\/media?parent=94"}],"curies":[{"name":"wp","href":"https:\/\/api.w.org\/{rel}","templated":true}]}}